{"id":9537,"date":"2021-05-27T10:46:38","date_gmt":"2021-05-27T10:46:38","guid":{"rendered":"https:\/\/uusi.pel-tuote.fi\/aterforsaljare\/centralamerika\/"},"modified":"2023-11-21T10:33:14","modified_gmt":"2023-11-21T08:33:14","slug":"centralamerika","status":"publish","type":"page","link":"https:\/\/tumeagri.fi\/sv\/aterforsaljare\/centralamerika\/","title":{"rendered":"Centralamerika"},"content":{"rendered":"\t\t<div data-elementor-type=\"wp-page\" data-elementor-id=\"9537\" class=\"elementor elementor-9537 elementor-9523\" data-elementor-post-type=\"page\">\n\t\t\t\t\t\t<section class=\"elementor-section elementor-top-section elementor-element elementor-element-e91eb3a elementor-section-full_width elementor-section-height-default elementor-section-height-default\" data-id=\"e91eb3a\" data-element_type=\"section\">\n\t\t\t\t\t\t<div class=\"elementor-container elementor-column-gap-default\">\n\t\t\t\t\t<div class=\"elementor-column elementor-col-100 elementor-top-column elementor-element elementor-element-4998d6b\" data-id=\"4998d6b\" data-element_type=\"column\">\n\t\t\t<div class=\"elementor-widget-wrap elementor-element-populated\">\n\t\t\t\t\t\t<div class=\"elementor-element elementor-element-9ab49f8 elementor-widget elementor-widget-heading\" data-id=\"9ab49f8\" data-element_type=\"widget\" data-widget_type=\"heading.default\">\n\t\t\t\t<div class=\"elementor-widget-container\">\n\t\t\t\t\t<h2 class=\"elementor-heading-title elementor-size-default\">Centralamerika<\/h2>\t\t\t\t<\/div>\n\t\t\t\t<\/div>\n\t\t\t\t<div class=\"elementor-element elementor-element-c4d84c4 elementor-widget elementor-widget-text-editor\" data-id=\"c4d84c4\" data-element_type=\"widget\" data-widget_type=\"text-editor.default\">\n\t\t\t\t<div class=\"elementor-widget-container\">\n\t\t\t\t\t\t\t\t\t<p>Klicka p\u00e5 en v\u00e4rldsdel och bl\u00e4ddra bland \u00e5terf\u00f6rs\u00e4ljarna landsvis<\/p>\n\t\t\t\t\t\t\t\t<\/div>\n\t\t\t\t<\/div>\n\t\t\t\t<div class=\"elementor-element elementor-element-9fbb847 elementor-widget elementor-widget-shortcode\" data-id=\"9fbb847\" data-element_type=\"widget\" data-widget_type=\"shortcode.default\">\n\t\t\t\t<div class=\"elementor-widget-container\">\n\t\t\t\t\t\t\t<div class=\"elementor-shortcode\"> <!-- start Fla-shop.com HTML5 Map --> <div class='freeHtmlMapbottom htmlMapResponsive' style='max-width:1000px; width: 100%'> <div id='map-container-0' class='freeHtmlMapContainer' data-map-variable='map0'><\/div> <link href='https:\/\/tumeagri.fi\/wp-content\/plugins\/html5-maps\/static\/css\/map.css' rel='stylesheet'> <style> body .fm-tooltip { color: #000000; font-size: 20px; } <\/style> <script src='\/\/cdn.html5maps.com\/3d_party\/raphael.min.js'><\/script> <script src='https:\/\/tumeagri.fi\/index.php?freemap_js_data=true&map_id=3&r=61409'><\/script> <script src='\/\/cdn.html5maps.com\/libs\/locator\/2.4.8\/world\/map.js'><\/script> <script> var map0 = new FlaMap(map_cfg); map0.drawOnDomReady('map-container-0'); map0.on('click', function(ev, sid, map) { jQuery('#freeHtmlMapStateInfo0').html(''); var link = map.mapConfig.map_data[sid]['link']; if (link == '#info') { var id = map.mapConfig.map_data[sid]['id']; jQuery('#freeHtmlMapStateInfo0').html('Loading...'); jQuery.ajax({ type: 'POST', url: 'https:\/\/tumeagri.fi\/index.php?freemap_get_state_info='+id+'&map_id=3', success: function(data, textStatus, jqXHR){ jQuery('#freeHtmlMapStateInfo0').html(data); }, dataType: 'text' }); } }); <\/script> <div id='freeHtmlMapStateInfo0' class='freeHtmlMapStateInfo'><\/div> <\/div> <div style='clear: both'><\/div> <!-- end HTML5 Map --> <\/div>\n\t\t\t\t\t\t<\/div>\n\t\t\t\t<\/div>\n\t\t\t\t\t<\/div>\n\t\t<\/div>\n\t\t\t\t\t<\/div>\n\t\t<\/section>\n\t\t\t\t<section class=\"elementor-section elementor-top-section elementor-element elementor-element-54dcc92d elementor-section-boxed elementor-section-height-default elementor-section-height-default\" data-id=\"54dcc92d\" data-element_type=\"section\">\n\t\t\t\t\t\t<div class=\"elementor-container elementor-column-gap-default\">\n\t\t\t\t\t<div class=\"elementor-column elementor-col-100 elementor-top-column elementor-element elementor-element-4943734b\" data-id=\"4943734b\" data-element_type=\"column\">\n\t\t\t<div class=\"elementor-widget-wrap elementor-element-populated\">\n\t\t\t\t\t\t<div class=\"elementor-element elementor-element-229a171 elementor-widget elementor-widget-heading\" data-id=\"229a171\" data-element_type=\"widget\" data-widget_type=\"heading.default\">\n\t\t\t\t<div class=\"elementor-widget-container\">\n\t\t\t\t\t<h2 class=\"elementor-heading-title elementor-size-default\">Kontakta Tume-\u00e5terf\u00f6rs\u00e4ljaren i din v\u00e4rldsdel, Centralamerika.<\/h2>\t\t\t\t<\/div>\n\t\t\t\t<\/div>\n\t\t\t\t\t<\/div>\n\t\t<\/div>\n\t\t\t\t\t<\/div>\n\t\t<\/section>\n\t\t\t\t<section class=\"elementor-section elementor-top-section elementor-element elementor-element-e2a2704 elementor-section-boxed elementor-section-height-default elementor-section-height-default\" data-id=\"e2a2704\" data-element_type=\"section\">\n\t\t\t\t\t\t<div class=\"elementor-container elementor-column-gap-default\">\n\t\t\t\t\t<div class=\"elementor-column elementor-col-100 elementor-top-column elementor-element elementor-element-7d87728\" data-id=\"7d87728\" data-element_type=\"column\">\n\t\t\t<div class=\"elementor-widget-wrap elementor-element-populated\">\n\t\t\t\t\t\t<div class=\"elementor-element elementor-element-d50e3c8 elementor-widget__width-auto elementor-widget elementor-widget-heading\" data-id=\"d50e3c8\" data-element_type=\"widget\" data-widget_type=\"heading.default\">\n\t\t\t\t<div class=\"elementor-widget-container\">\n\t\t\t\t\t<h2 class=\"elementor-heading-title elementor-size-default\">Centralamerika<\/h2>\t\t\t\t<\/div>\n\t\t\t\t<\/div>\n\t\t\t\t<div class=\"elementor-element elementor-element-3e24872 elementor-flip-box--effect-fade elementor-widget elementor-widget-flip-box\" data-id=\"3e24872\" data-element_type=\"widget\" data-widget_type=\"flip-box.default\">\n\t\t\t\t<div class=\"elementor-widget-container\">\n\t\t\t\t\t\t\t<div class=\"elementor-flip-box\" tabindex=\"0\">\n\t\t\t<div class=\"elementor-flip-box__layer elementor-flip-box__front\">\n\t\t\t\t<div class=\"elementor-flip-box__layer__overlay\">\n\t\t\t\t\t<div class=\"elementor-flip-box__layer__inner\">\n\t\t\t\t\t\t\n\t\t\t\t\t\t\t\t\t\t\t\t\t<h3 class=\"elementor-flip-box__layer__title\">\n\t\t\t\t\t\t\t\tRicardo Quaresma\t\t\t\t\t\t\t<\/h3>\n\t\t\t\t\t\t\n\t\t\t\t\t\t\t\t\t\t\t\t\t<div class=\"elementor-flip-box__layer__description\">\n\t\t\t\t\t\t\t\tAvenida Jos\u00e9 Fernandes de Freitas, 26<br>\r\n\r\nJardim Bot\u00e2nico<br>\r\n\r\nCity Araraquara \u2013 State of S\u00e3o Paulo \u2013 Brazil<br><br>\r\n\r\nCep 14.805-038<br>\r\nCell: +5516996085756 <br><br>\r\n\r\nEmail: ricardo.quaresma@pel-tuote.fi<br>\r\n\r\nSkype: jose.ricardo.quaresma\t\t\t\t\t\t\t<\/div>\n\t\t\t\t\t\t\t\t\t\t\t<\/div>\n\t\t\t\t<\/div>\n\t\t\t<\/div>\n\t\t\t<a class=\"elementor-flip-box__layer elementor-flip-box__back\" href=\"https:\/\/www.facebook.com\/kivipekkarockpicker\">\n\t\t\t<div class=\"elementor-flip-box__layer__overlay\">\n\t\t\t\t<div class=\"elementor-flip-box__layer__inner\">\n\t\t\t\t\t\t\t\t\t\t\t<h3 class=\"elementor-flip-box__layer__title\">\n\t\t\t\t\t\t\tRicardo Quaresma\t\t\t\t\t\t<\/h3>\n\t\t\t\t\t\n\t\t\t\t\t\t\t\t\t\t\t<div class=\"elementor-flip-box__layer__description\">\n\t\t\t\t\t\t\t \n\t\t\t\t\t\t<\/div>\n\t\t\t\t\t\n\t\t\t\t\t\t\t\t\t\t\t<span class=\"elementor-flip-box__button elementor-button elementor-size-xs\">\n\t\t\t\t\t\t\tKivi-Pekka Brasilien in p\u00e5 Facebook\t\t\t\t\t\t<\/span>\n\t\t\t\t\t\t\t\t<\/div>\n\t\t<\/div>\n\t\t<\/a>\n\t\t<\/div>\n\t\t\t\t\t\t<\/div>\n\t\t\t\t<\/div>\n\t\t\t\t\t<\/div>\n\t\t<\/div>\n\t\t\t\t\t<\/div>\n\t\t<\/section>\n\t\t\t\t<section class=\"elementor-section elementor-top-section elementor-element elementor-element-c24a1fe elementor-section-boxed elementor-section-height-default elementor-section-height-default\" data-id=\"c24a1fe\" data-element_type=\"section\">\n\t\t\t\t\t\t<div class=\"elementor-container elementor-column-gap-default\">\n\t\t\t\t\t<div class=\"elementor-column elementor-col-100 elementor-top-column elementor-element elementor-element-5b0e046\" data-id=\"5b0e046\" data-element_type=\"column\">\n\t\t\t<div class=\"elementor-widget-wrap elementor-element-populated\">\n\t\t\t\t\t\t<div class=\"elementor-element elementor-element-c3f3b7e elementor-widget elementor-widget-spacer\" data-id=\"c3f3b7e\" data-element_type=\"widget\" data-widget_type=\"spacer.default\">\n\t\t\t\t<div class=\"elementor-widget-container\">\n\t\t\t\t\t\t\t<div class=\"elementor-spacer\">\n\t\t\t<div class=\"elementor-spacer-inner\"><\/div>\n\t\t<\/div>\n\t\t\t\t\t\t<\/div>\n\t\t\t\t<\/div>\n\t\t\t\t\t<\/div>\n\t\t<\/div>\n\t\t\t\t\t<\/div>\n\t\t<\/section>\n\t\t\t\t<section class=\"elementor-section elementor-top-section elementor-element elementor-element-9e59f96 elementor-section-boxed elementor-section-height-default elementor-section-height-default\" data-id=\"9e59f96\" data-element_type=\"section\" data-settings=\"{&quot;background_background&quot;:&quot;gradient&quot;,&quot;shape_divider_top&quot;:&quot;waves&quot;}\">\n\t\t\t\t\t\t\t<div class=\"elementor-background-overlay\"><\/div>\n\t\t\t\t\t\t<div class=\"elementor-shape elementor-shape-top\" aria-hidden=\"true\" data-negative=\"false\">\n\t\t\t<svg xmlns=\"http:\/\/www.w3.org\/2000\/svg\" viewBox=\"0 0 1000 100\" preserveAspectRatio=\"none\">\n\t<path class=\"elementor-shape-fill\" d=\"M421.9,6.5c22.6-2.5,51.5,0.4,75.5,5.3c23.6,4.9,70.9,23.5,100.5,35.7c75.8,32.2,133.7,44.5,192.6,49.7\n\tc23.6,2.1,48.7,3.5,103.4-2.5c54.7-6,106.2-25.6,106.2-25.6V0H0v30.3c0,0,72,32.6,158.4,30.5c39.2-0.7,92.8-6.7,134-22.4\n\tc21.2-8.1,52.2-18.2,79.7-24.2C399.3,7.9,411.6,7.5,421.9,6.5z\"\/>\n<\/svg>\t\t<\/div>\n\t\t\t\t\t<div class=\"elementor-container elementor-column-gap-default\">\n\t\t\t\t\t<div class=\"elementor-column elementor-col-50 elementor-top-column elementor-element elementor-element-2106456c\" data-id=\"2106456c\" data-element_type=\"column\">\n\t\t\t<div class=\"elementor-widget-wrap elementor-element-populated\">\n\t\t\t\t\t\t<div class=\"elementor-element elementor-element-1937d41e elementor-widget elementor-widget-heading\" data-id=\"1937d41e\" data-element_type=\"widget\" data-widget_type=\"heading.default\">\n\t\t\t\t<div class=\"elementor-widget-container\">\n\t\t\t\t\t<h4 class=\"elementor-heading-title elementor-size-default\">Beg\u00e4r offert<\/h4>\t\t\t\t<\/div>\n\t\t\t\t<\/div>\n\t\t\t\t<div class=\"elementor-element elementor-element-6b105bf7 elementor-widget elementor-widget-heading\" data-id=\"6b105bf7\" data-element_type=\"widget\" data-widget_type=\"heading.default\">\n\t\t\t\t<div class=\"elementor-widget-container\">\n\t\t\t\t\t<h2 class=\"elementor-heading-title elementor-size-default\">Meddelande eller ring<\/h2>\t\t\t\t<\/div>\n\t\t\t\t<\/div>\n\t\t\t\t<div class=\"elementor-element elementor-element-6d763cac elementor-mobile-align-center elementor-widget elementor-widget-button\" data-id=\"6d763cac\" data-element_type=\"widget\" data-widget_type=\"button.default\">\n\t\t\t\t<div class=\"elementor-widget-container\">\n\t\t\t\t\t\t\t\t\t<div class=\"elementor-button-wrapper\">\n\t\t\t\t\t<a class=\"elementor-button elementor-button-link elementor-size-md\" href=\"https:\/\/tumeagri.fi\/yhteystiedot\/\">\n\t\t\t\t\t\t<span class=\"elementor-button-content-wrapper\">\n\t\t\t\t\t\t<span class=\"elementor-button-icon\">\n\t\t\t\t<i aria-hidden=\"true\" class=\"fas fa-arrow-right\"><\/i>\t\t\t<\/span>\n\t\t\t\t\t\t\t\t\t<span class=\"elementor-button-text\">Ta kontakt<\/span>\n\t\t\t\t\t<\/span>\n\t\t\t\t\t<\/a>\n\t\t\t\t<\/div>\n\t\t\t\t\t\t\t\t<\/div>\n\t\t\t\t<\/div>\n\t\t\t\t\t<\/div>\n\t\t<\/div>\n\t\t\t\t<div class=\"elementor-column elementor-col-50 elementor-top-column elementor-element elementor-element-19cef180\" data-id=\"19cef180\" data-element_type=\"column\">\n\t\t\t<div class=\"elementor-widget-wrap elementor-element-populated\">\n\t\t\t\t\t\t<div class=\"elementor-element elementor-element-45b0adf8 elementor-widget elementor-widget-image\" data-id=\"45b0adf8\" data-element_type=\"widget\" data-settings=\"{&quot;motion_fx_motion_fx_scrolling&quot;:&quot;yes&quot;,&quot;motion_fx_translateY_effect&quot;:&quot;yes&quot;,&quot;motion_fx_translateY_direction&quot;:&quot;negative&quot;,&quot;motion_fx_translateY_speed&quot;:{&quot;unit&quot;:&quot;px&quot;,&quot;size&quot;:&quot;1&quot;,&quot;sizes&quot;:[]},&quot;motion_fx_devices&quot;:[&quot;desktop&quot;,&quot;tablet&quot;],&quot;motion_fx_translateY_affectedRange&quot;:{&quot;unit&quot;:&quot;%&quot;,&quot;size&quot;:&quot;&quot;,&quot;sizes&quot;:{&quot;start&quot;:&quot;0&quot;,&quot;end&quot;:&quot;50&quot;}}}\" data-widget_type=\"image.default\">\n\t\t\t\t<div class=\"elementor-widget-container\">\n\t\t\t\t\t\t\t\t\t\t\t\t\t\t\t<img fetchpriority=\"high\" decoding=\"async\" width=\"2000\" height=\"1125\" src=\"https:\/\/tumeagri.fi\/wp-content\/uploads\/2020\/01\/20210512-Yleiskuva-ilmasta-scaled-e1682576245180.jpg\" class=\"attachment-full size-full wp-image-17241\" alt=\"Harrow T\" srcset=\"https:\/\/tumeagri.fi\/wp-content\/uploads\/2020\/01\/20210512-Yleiskuva-ilmasta-scaled-e1682576245180.jpg 2000w, https:\/\/tumeagri.fi\/wp-content\/uploads\/2020\/01\/20210512-Yleiskuva-ilmasta-scaled-e1682576245180-300x169.jpg 300w, https:\/\/tumeagri.fi\/wp-content\/uploads\/2020\/01\/20210512-Yleiskuva-ilmasta-scaled-e1682576245180-1024x576.jpg 1024w, https:\/\/tumeagri.fi\/wp-content\/uploads\/2020\/01\/20210512-Yleiskuva-ilmasta-scaled-e1682576245180-768x432.jpg 768w, https:\/\/tumeagri.fi\/wp-content\/uploads\/2020\/01\/20210512-Yleiskuva-ilmasta-scaled-e1682576245180-1536x864.jpg 1536w\" sizes=\"(max-width: 2000px) 100vw, 2000px\" \/>\t\t\t\t\t\t\t\t\t\t\t\t\t\t\t<\/div>\n\t\t\t\t<\/div>\n\t\t\t\t\t<\/div>\n\t\t<\/div>\n\t\t\t\t\t<\/div>\n\t\t<\/section>\n\t\t\t\t<\/div>\n\t\t","protected":false},"excerpt":{"rendered":"<p>Centralamerika Klicka p\u00e5 en v\u00e4rldsdel och bl\u00e4ddra bland \u00e5terf\u00f6rs\u00e4ljarna landsvis Kontakta Tume-\u00e5terf\u00f6rs\u00e4ljaren i din v\u00e4rldsdel, Centralamerika. Centralamerika Ricardo Quaresma Avenida Jos\u00e9 Fernandes de Freitas, 26 Jardim Bot\u00e2nico City Araraquara \u2013 [&hellip;]<\/p>\n","protected":false},"author":1,"featured_media":0,"parent":7088,"menu_order":0,"comment_status":"closed","ping_status":"closed","template":"elementor_header_footer","meta":{"footnotes":""},"class_list":["post-9537","page","type-page","status-publish","hentry","wpbf-post"],"_links":{"self":[{"href":"https:\/\/tumeagri.fi\/sv\/wp-json\/wp\/v2\/pages\/9537","targetHints":{"allow":["GET"]}}],"collection":[{"href":"https:\/\/tumeagri.fi\/sv\/wp-json\/wp\/v2\/pages"}],"about":[{"href":"https:\/\/tumeagri.fi\/sv\/wp-json\/wp\/v2\/types\/page"}],"author":[{"embeddable":true,"href":"https:\/\/tumeagri.fi\/sv\/wp-json\/wp\/v2\/users\/1"}],"replies":[{"embeddable":true,"href":"https:\/\/tumeagri.fi\/sv\/wp-json\/wp\/v2\/comments?post=9537"}],"version-history":[{"count":6,"href":"https:\/\/tumeagri.fi\/sv\/wp-json\/wp\/v2\/pages\/9537\/revisions"}],"predecessor-version":[{"id":29176,"href":"https:\/\/tumeagri.fi\/sv\/wp-json\/wp\/v2\/pages\/9537\/revisions\/29176"}],"up":[{"embeddable":true,"href":"https:\/\/tumeagri.fi\/sv\/wp-json\/wp\/v2\/pages\/7088"}],"wp:attachment":[{"href":"https:\/\/tumeagri.fi\/sv\/wp-json\/wp\/v2\/media?parent=9537"}],"curies":[{"name":"wp","href":"https:\/\/api.w.org\/{rel}","templated":true}]}}