{"id":26046,"date":"2022-12-08T14:51:51","date_gmt":"2022-12-08T12:51:51","guid":{"rendered":"https:\/\/tumeagri.fi\/service\/"},"modified":"2025-08-05T15:33:22","modified_gmt":"2025-08-05T12:33:22","slug":"service","status":"publish","type":"page","link":"https:\/\/tumeagri.fi\/sv\/service\/","title":{"rendered":"Service"},"content":{"rendered":"\t\t<div data-elementor-type=\"wp-page\" data-elementor-id=\"26046\" class=\"elementor elementor-26046\" data-elementor-post-type=\"page\">\n\t\t\t\t\t\t<section class=\"elementor-section elementor-top-section elementor-element elementor-element-5c88d431 elementor-section-full_width elementor-section-height-min-height elementor-reverse-mobile elementor-section-stretched elementor-section-height-default elementor-section-items-middle\" data-id=\"5c88d431\" data-element_type=\"section\" data-settings=\"{&quot;background_background&quot;:&quot;classic&quot;,&quot;stretch_section&quot;:&quot;section-stretched&quot;}\">\n\t\t\t\t\t\t\t<div class=\"elementor-background-overlay\"><\/div>\n\t\t\t\t\t\t\t<div class=\"elementor-container elementor-column-gap-default\">\n\t\t\t\t\t<div class=\"elementor-column elementor-col-100 elementor-top-column elementor-element elementor-element-63c6c6ad\" data-id=\"63c6c6ad\" data-element_type=\"column\">\n\t\t\t<div class=\"elementor-widget-wrap elementor-element-populated\">\n\t\t\t\t\t\t<div class=\"elementor-element elementor-element-1de49850 elementor-widget elementor-widget-heading\" data-id=\"1de49850\" data-element_type=\"widget\" data-widget_type=\"heading.default\">\n\t\t\t\t<div class=\"elementor-widget-container\">\n\t\t\t\t\t<h1 class=\"elementor-heading-title elementor-size-large\">Service och reservdelar<\/h1>\t\t\t\t<\/div>\n\t\t\t\t<\/div>\n\t\t\t\t\t<\/div>\n\t\t<\/div>\n\t\t\t\t\t<\/div>\n\t\t<\/section>\n\t\t\t\t<section class=\"elementor-section elementor-top-section elementor-element elementor-element-f1ba9d0 elementor-section-boxed elementor-section-height-default elementor-section-height-default\" data-id=\"f1ba9d0\" data-element_type=\"section\">\n\t\t\t\t\t\t<div class=\"elementor-container elementor-column-gap-default\">\n\t\t\t\t\t<div class=\"elementor-column elementor-col-100 elementor-top-column elementor-element elementor-element-16edbc8\" data-id=\"16edbc8\" data-element_type=\"column\">\n\t\t\t<div class=\"elementor-widget-wrap elementor-element-populated\">\n\t\t\t\t\t\t<div class=\"elementor-element elementor-element-87eb60c elementor-widget elementor-widget-spacer\" data-id=\"87eb60c\" data-element_type=\"widget\" data-widget_type=\"spacer.default\">\n\t\t\t\t<div class=\"elementor-widget-container\">\n\t\t\t\t\t\t\t<div class=\"elementor-spacer\">\n\t\t\t<div class=\"elementor-spacer-inner\"><\/div>\n\t\t<\/div>\n\t\t\t\t\t\t<\/div>\n\t\t\t\t<\/div>\n\t\t\t\t<div class=\"elementor-element elementor-element-42b1c18 elementor-widget elementor-widget-heading\" data-id=\"42b1c18\" data-element_type=\"widget\" data-widget_type=\"heading.default\">\n\t\t\t\t<div class=\"elementor-widget-container\">\n\t\t\t\t\t<h2 class=\"elementor-heading-title elementor-size-default\"> Service och reservdelar direkt fr\u00e5n fabriken<\/h2>\t\t\t\t<\/div>\n\t\t\t\t<\/div>\n\t\t\t\t<div class=\"elementor-element elementor-element-7349cf2 elementor-widget elementor-widget-text-editor\" data-id=\"7349cf2\" data-element_type=\"widget\" data-widget_type=\"text-editor.default\">\n\t\t\t\t<div class=\"elementor-widget-container\">\n\t\t\t\t\t\t\t\t\t<p>Vi servar v\u00e5ra kunder i Finland via telefon, p\u00e5 fabriken och p\u00e5 v\u00e4gen.<\/p><p>Vi renoverar alla ers\u00e4ttningsmaskiner.<\/p><p>Vi underh\u00e5ller maskiner med p\u00e5litlig professionalism b\u00e5de p\u00e5 fabriken och p\u00e5 utvalda servicest\u00e4llen runt om i landet.<\/p><div><div class=\"elementor-element elementor-element-6ba7df7 elementor-widget elementor-widget-heading\" data-id=\"6ba7df7\" data-element_type=\"widget\" data-widget_type=\"heading.default\"><div class=\"elementor-widget-container\"><h4 class=\"elementor-heading-title elementor-size-large\">F\u00f6rs\u00e4ljning<strong>:<\/strong><\/h4><\/div><\/div><\/div><div class=\"QcsUad BDJ8fb BLojaf\"><div class=\"XL3Kf\"><div class=\"a8FIud X0rvP L6rCcb\"><div><p><strong>Perttu Koivuharju<br \/><\/strong>(languages: fin, eng)<strong><br \/><\/strong>+35840 5448025<\/p><p><strong>Eetu Uronen<\/strong><br \/>+358404506484<br \/><span style=\"color: #000000;\"><a style=\"color: #000000;\" href=\"mailto:eetu.uronen@tumeagri.fi\" data-outlook-id=\"73e74d15-3edd-478e-99f9-22dee1ad8d84\">eetu.uronen@tumeagri.fi<\/a><\/span><\/p><\/div><div data-show-delay-ms=\"250\" data-append-to-body=\"false\" data-propagate-tooltip-mouseover-events=\"true\" data-anchor-corner=\"bottom-end\" data-enable-skip-handler=\"false\" data-popup-corner=\"top-end\"><div>\u00a0<\/div><\/div><\/div><div><strong>Utanf\u00f6r Finland kontakta din lokala \u00e5terf\u00f6rs\u00e4ljare h\u00e4r:\u00a0<span style=\"color: #ff0000;\"><a style=\"color: #ff0000;\" href=\"https:\/\/tumeagri.fi\/sv\/aterforsaljare\/\">\u00c5TERF\u00d6RS\u00c4LJARE<\/a><\/span><\/strong><\/div><\/div><\/div>\t\t\t\t\t\t\t\t<\/div>\n\t\t\t\t<\/div>\n\t\t\t\t\t<\/div>\n\t\t<\/div>\n\t\t\t\t\t<\/div>\n\t\t<\/section>\n\t\t\t\t<section class=\"elementor-section elementor-top-section elementor-element elementor-element-576dd64 elementor-section-height-min-height elementor-section-boxed elementor-section-height-default elementor-section-items-middle\" data-id=\"576dd64\" data-element_type=\"section\" data-settings=\"{&quot;background_background&quot;:&quot;classic&quot;}\">\n\t\t\t\t\t\t\t<div class=\"elementor-background-overlay\"><\/div>\n\t\t\t\t\t\t\t<div class=\"elementor-container elementor-column-gap-default\">\n\t\t\t\t\t<div class=\"elementor-column elementor-col-100 elementor-top-column elementor-element elementor-element-63d9484\" data-id=\"63d9484\" data-element_type=\"column\" data-settings=\"{&quot;background_background&quot;:&quot;classic&quot;}\">\n\t\t\t<div class=\"elementor-widget-wrap elementor-element-populated\">\n\t\t\t\t\t<div class=\"elementor-background-overlay\"><\/div>\n\t\t\t\t\t\t<div class=\"elementor-element elementor-element-9752ef8 elementor-align-center elementor-widget elementor-widget-button\" data-id=\"9752ef8\" data-element_type=\"widget\" data-widget_type=\"button.default\">\n\t\t\t\t<div class=\"elementor-widget-container\">\n\t\t\t\t\t\t\t\t\t<div class=\"elementor-button-wrapper\">\n\t\t\t\t\t<a class=\"elementor-button elementor-button-link elementor-size-sm elementor-animation-grow\" href=\"https:\/\/tumeagri.fi\/esitteet\/\">\n\t\t\t\t\t\t<span class=\"elementor-button-content-wrapper\">\n\t\t\t\t\t\t\t\t\t<span class=\"elementor-button-text\">Du kan hitta nedladdningsbara bruksanvisningar och reservdelar h\u00e4r<\/span>\n\t\t\t\t\t<\/span>\n\t\t\t\t\t<\/a>\n\t\t\t\t<\/div>\n\t\t\t\t\t\t\t\t<\/div>\n\t\t\t\t<\/div>\n\t\t\t\t\t<\/div>\n\t\t<\/div>\n\t\t\t\t\t<\/div>\n\t\t<\/section>\n\t\t\t\t<section class=\"elementor-section elementor-top-section elementor-element elementor-element-63050d2 elementor-section-boxed elementor-section-height-default elementor-section-height-default\" data-id=\"63050d2\" data-element_type=\"section\">\n\t\t\t\t\t\t<div class=\"elementor-container elementor-column-gap-default\">\n\t\t\t\t\t<div class=\"elementor-column elementor-col-100 elementor-top-column elementor-element elementor-element-b55252d\" data-id=\"b55252d\" data-element_type=\"column\">\n\t\t\t<div class=\"elementor-widget-wrap\">\n\t\t\t\t\t\t\t<\/div>\n\t\t<\/div>\n\t\t\t\t\t<\/div>\n\t\t<\/section>\n\t\t\t\t<section class=\"elementor-section elementor-top-section elementor-element elementor-element-111281e8 elementor-section-stretched elementor-section-boxed elementor-section-height-default elementor-section-height-default\" data-id=\"111281e8\" data-element_type=\"section\" data-settings=\"{&quot;background_background&quot;:&quot;classic&quot;,&quot;stretch_section&quot;:&quot;section-stretched&quot;}\">\n\t\t\t\t\t\t<div class=\"elementor-container elementor-column-gap-default\">\n\t\t\t\t\t<div class=\"elementor-column elementor-col-50 elementor-top-column elementor-element elementor-element-583c940\" data-id=\"583c940\" data-element_type=\"column\">\n\t\t\t<div class=\"elementor-widget-wrap elementor-element-populated\">\n\t\t\t\t\t\t<div class=\"elementor-element elementor-element-2ec59591 elementor-widget elementor-widget-heading\" data-id=\"2ec59591\" data-element_type=\"widget\" data-widget_type=\"heading.default\">\n\t\t\t\t<div class=\"elementor-widget-container\">\n\t\t\t\t\t<h4 class=\"elementor-heading-title elementor-size-large\">Teknisk support<\/h4>\t\t\t\t<\/div>\n\t\t\t\t<\/div>\n\t\t\t\t<div class=\"elementor-element elementor-element-61f8b403 elementor-widget elementor-widget-text-editor\" data-id=\"61f8b403\" data-element_type=\"widget\" data-widget_type=\"text-editor.default\">\n\t\t\t\t<div class=\"elementor-widget-container\">\n\t\t\t\t\t\t\t\t\t<p><b>Vesa Luukkonen<br \/><\/b><span style=\"font-family: var( --e-global-typography-text-font-family ), Sans-serif; font-weight: var( --e-global-typography-text-font-weight );\">+358 40 6217072<br \/>vesa.luukkonen@tumeagri.fi<\/span><\/p>\t\t\t\t\t\t\t\t<\/div>\n\t\t\t\t<\/div>\n\t\t\t\t<div class=\"elementor-element elementor-element-5c87cffe elementor-widget elementor-widget-heading\" data-id=\"5c87cffe\" data-element_type=\"widget\" data-widget_type=\"heading.default\">\n\t\t\t\t<div class=\"elementor-widget-container\">\n\t\t\t\t\t<h4 class=\"elementor-heading-title elementor-size-large\">Reservdelar, garanti<\/h4>\t\t\t\t<\/div>\n\t\t\t\t<\/div>\n\t\t\t\t<div class=\"elementor-element elementor-element-41e13799 elementor-widget elementor-widget-text-editor\" data-id=\"41e13799\" data-element_type=\"widget\" data-widget_type=\"text-editor.default\">\n\t\t\t\t<div class=\"elementor-widget-container\">\n\t\t\t\t\t\t\t\t\t<p><strong>Pasi Kivist\u00f6<\/strong><br \/>Eftermarknads chef<br \/>tel. 040 5034949<br \/><span style=\"color: #000000;\"><a style=\"color: #000000;\" href=\"mailto:pasi.kivisto@tumeagri.fi\">pasi.kivisto@tumeagri.fi<\/a><\/span><\/p><div class=\"QcsUad BDJ8fb\"><div class=\"usGWQd\" aria-live=\"polite\"><div class=\"KkbLmb\"><div class=\"lRu31\"><span class=\"HwtZe\" lang=\"sv\"><span class=\"jCAhz ChMk0b\"><span class=\"ryNqvb\">Reservdelsf\u00f6rs\u00e4ljning \u00e4r tillg\u00e4nglig p\u00e5 fabriken p\u00e5 vardagar fr\u00e5n 8:00 till 15:30.<\/span><\/span><\/span><\/div><\/div><\/div><\/div>\t\t\t\t\t\t\t\t<\/div>\n\t\t\t\t<\/div>\n\t\t\t\t<div class=\"elementor-element elementor-element-2dd1228 elementor-widget elementor-widget-heading\" data-id=\"2dd1228\" data-element_type=\"widget\" data-widget_type=\"heading.default\">\n\t\t\t\t<div class=\"elementor-widget-container\">\n\t\t\t\t\t<h4 class=\"elementor-heading-title elementor-size-large\">Best\u00e4llningsinstruktioner f\u00f6r reservdelar<\/h4>\t\t\t\t<\/div>\n\t\t\t\t<\/div>\n\t\t\t\t<div class=\"elementor-element elementor-element-b5a5a8c elementor-widget elementor-widget-text-editor\" data-id=\"b5a5a8c\" data-element_type=\"widget\" data-widget_type=\"text-editor.default\">\n\t\t\t\t<div class=\"elementor-widget-container\">\n\t\t\t\t\t\t\t\t\t<p>\u00c5tg\u00e4rder innan du g\u00f6r en best\u00e4llning: Bekr\u00e4fta i f\u00f6rv\u00e4g din maskins modell och tillverknings\u00e5r.<br \/>Se\u00a0<a href=\"https:\/\/tumeagri.fi\/sv\/brochyrer\/\"><span style=\"color: #ff0000;\">RESERVDELSLISTA<\/span><\/a>\u00a0f\u00f6r exakta reservdelsnummer.<br \/>P\u00e5 s\u00e5 s\u00e4tt undviker vi br\u00e5dska och f\u00f6rseningar.<\/p><p>Du har f\u00e5tt en tryckt katalog med din Tume-maskin. Du hittar de elektroniska versionerna p\u00e5 v\u00e5r hemsida: Kontakter \u2013&gt; Brochyrer \u2013&gt; Reservdelsb\u00f6cker \u2013&gt; V\u00e4lj r\u00e4tt maskin och tillverknings\u00e5r. Hitta r\u00e4tt delar i boken och skriv ner de exakta reservdelsnumren.<\/p><p>Om du f\u00f6rbereder dig noggrant g\u00e5r best\u00e4llningen smidigt.<\/p><p><strong>Tack f\u00f6r din omtanke!<\/strong><\/p>\t\t\t\t\t\t\t\t<\/div>\n\t\t\t\t<\/div>\n\t\t\t\t<div class=\"elementor-element elementor-element-eb7dc10 elementor-widget elementor-widget-heading\" data-id=\"eb7dc10\" data-element_type=\"widget\" data-widget_type=\"heading.default\">\n\t\t\t\t<div class=\"elementor-widget-container\">\n\t\t\t\t\t<h4 class=\"elementor-heading-title elementor-size-large\">Bes\u00f6ksadress<\/h4>\t\t\t\t<\/div>\n\t\t\t\t<\/div>\n\t\t\t\t<div class=\"elementor-element elementor-element-4943c029 elementor-widget elementor-widget-text-editor\" data-id=\"4943c029\" data-element_type=\"widget\" data-widget_type=\"text-editor.default\">\n\t\t\t\t<div class=\"elementor-widget-container\">\n\t\t\t\t\t\t\t\t\t<p>PL 77<br \/>Sudenkorventie 1<br \/>14200 Turenki<\/p>\n\t\t\t\t\t\t\t\t<\/div>\n\t\t\t\t<\/div>\n\t\t\t\t\t<\/div>\n\t\t<\/div>\n\t\t\t\t<div class=\"elementor-column elementor-col-50 elementor-top-column elementor-element elementor-element-31839f05\" data-id=\"31839f05\" data-element_type=\"column\">\n\t\t\t<div class=\"elementor-widget-wrap elementor-element-populated\">\n\t\t\t\t\t\t<div class=\"elementor-element elementor-element-41c81a3 elementor-widget elementor-widget-heading\" data-id=\"41c81a3\" data-element_type=\"widget\" data-widget_type=\"heading.default\">\n\t\t\t\t<div class=\"elementor-widget-container\">\n\t\t\t\t\t<h4 class=\"elementor-heading-title elementor-size-large\"> V\u00e5rt servicen\u00e4tverk i Finland<\/h4>\t\t\t\t<\/div>\n\t\t\t\t<\/div>\n\t\t\t\t<div class=\"elementor-element elementor-element-5c27c15 elementor-widget elementor-widget-text-editor\" data-id=\"5c27c15\" data-element_type=\"widget\" data-widget_type=\"text-editor.default\">\n\t\t\t\t<div class=\"elementor-widget-container\">\n\t\t\t\t\t\t\t\t\t<p class=\"_04xlpA direction-ltr align-center para-style-body\">F\u00f6rutom fabriken kan Tume-m\u00e4rkta tj\u00e4nst hittas p\u00e5 f\u00f6ljande platser:<\/p><p>Ilmajoki:\u00a0<span style=\"color: #000000;\"><a style=\"color: #000000;\" href=\"https:\/\/www.lantmannenagro.fi\/yhteystiedot\/sopimushuolto-yhteystiedot\/sopimushuolto-ilmajoki\/\">Maatalouskonehuolto M. Viitam\u00e4ki<\/a><\/span><\/p><p>Nivala:\u00a0<span style=\"color: #000000;\"><a style=\"color: #000000;\" href=\"https:\/\/www.lantmannenagro.fi\/yhteystiedot\/sopimushuolto-yhteystiedot\/sopimushuolto-nivala\/\">Konehuolto Juha Korri Oy<\/a><\/span><\/p><p>Iisalmi:\u00a0<span style=\"color: #000000;\"><a style=\"color: #000000;\" href=\"https:\/\/www.facebook.com\/sakenpaja\/\">Saken Paja<\/a><\/span><\/p><p>Rantasalmi:\u00a0<span style=\"color: #000000;\"><a style=\"color: #000000;\" href=\"http:\/\/www.pel-tuote.fi\/\">PEL-tuote<\/a><\/span><\/p>\t\t\t\t\t\t\t\t<\/div>\n\t\t\t\t<\/div>\n\t\t\t\t<div class=\"elementor-element elementor-element-dcf8afa elementor-widget elementor-widget-image\" data-id=\"dcf8afa\" data-element_type=\"widget\" data-widget_type=\"image.default\">\n\t\t\t\t<div class=\"elementor-widget-container\">\n\t\t\t\t\t\t\t\t\t\t\t\t\t\t\t<img fetchpriority=\"high\" decoding=\"async\" width=\"592\" height=\"962\" src=\"https:\/\/tumeagri.fi\/wp-content\/uploads\/2022\/01\/Na\u0308ytto\u0308kuva-2021-4-1-kello-13.04.53.png\" class=\"attachment-medium_large size-medium_large wp-image-18517\" alt=\"\" srcset=\"https:\/\/tumeagri.fi\/wp-content\/uploads\/2022\/01\/Na\u0308ytto\u0308kuva-2021-4-1-kello-13.04.53.png 592w, https:\/\/tumeagri.fi\/wp-content\/uploads\/2022\/01\/Na\u0308ytto\u0308kuva-2021-4-1-kello-13.04.53-185x300.png 185w\" sizes=\"(max-width: 592px) 100vw, 592px\" \/>\t\t\t\t\t\t\t\t\t\t\t\t\t\t\t<\/div>\n\t\t\t\t<\/div>\n\t\t\t\t\t<\/div>\n\t\t<\/div>\n\t\t\t\t\t<\/div>\n\t\t<\/section>\n\t\t\t\t<section class=\"elementor-section elementor-top-section elementor-element elementor-element-6081c68 elementor-section-boxed elementor-section-height-default elementor-section-height-default\" data-id=\"6081c68\" data-element_type=\"section\">\n\t\t\t\t\t\t<div class=\"elementor-container elementor-column-gap-default\">\n\t\t\t\t\t<div class=\"elementor-column elementor-col-100 elementor-top-column elementor-element elementor-element-f477129\" data-id=\"f477129\" data-element_type=\"column\">\n\t\t\t<div class=\"elementor-widget-wrap elementor-element-populated\">\n\t\t\t\t\t\t<div class=\"elementor-element elementor-element-3ae27f5 elementor-hidden-desktop elementor-hidden-tablet elementor-hidden-phone elementor-widget elementor-widget-button\" data-id=\"3ae27f5\" data-element_type=\"widget\" data-widget_type=\"button.default\">\n\t\t\t\t<div class=\"elementor-widget-container\">\n\t\t\t\t\t\t\t\t\t<div class=\"elementor-button-wrapper\">\n\t\t\t\t\t<a class=\"elementor-button elementor-button-link elementor-size-sm\" href=\"https:\/\/tumeagri.fi\/index.php\/support\/\">\n\t\t\t\t\t\t<span class=\"elementor-button-content-wrapper\">\n\t\t\t\t\t\t\t\t\t<span class=\"elementor-button-text\">Service sidan<\/span>\n\t\t\t\t\t<\/span>\n\t\t\t\t\t<\/a>\n\t\t\t\t<\/div>\n\t\t\t\t\t\t\t\t<\/div>\n\t\t\t\t<\/div>\n\t\t\t\t\t<\/div>\n\t\t<\/div>\n\t\t\t\t\t<\/div>\n\t\t<\/section>\n\t\t\t\t<section class=\"elementor-section elementor-top-section elementor-element elementor-element-72111b6a elementor-section-full_width elementor-section-height-default elementor-section-height-default\" data-id=\"72111b6a\" data-element_type=\"section\" data-settings=\"{&quot;background_background&quot;:&quot;gradient&quot;,&quot;shape_divider_top&quot;:&quot;waves&quot;}\">\n\t\t\t\t\t\t\t<div class=\"elementor-background-overlay\"><\/div>\n\t\t\t\t\t\t<div class=\"elementor-shape elementor-shape-top\" aria-hidden=\"true\" data-negative=\"false\">\n\t\t\t<svg xmlns=\"http:\/\/www.w3.org\/2000\/svg\" viewBox=\"0 0 1000 100\" preserveAspectRatio=\"none\">\n\t<path class=\"elementor-shape-fill\" d=\"M421.9,6.5c22.6-2.5,51.5,0.4,75.5,5.3c23.6,4.9,70.9,23.5,100.5,35.7c75.8,32.2,133.7,44.5,192.6,49.7\n\tc23.6,2.1,48.7,3.5,103.4-2.5c54.7-6,106.2-25.6,106.2-25.6V0H0v30.3c0,0,72,32.6,158.4,30.5c39.2-0.7,92.8-6.7,134-22.4\n\tc21.2-8.1,52.2-18.2,79.7-24.2C399.3,7.9,411.6,7.5,421.9,6.5z\"\/>\n<\/svg>\t\t<\/div>\n\t\t\t\t\t<div class=\"elementor-container elementor-column-gap-default\">\n\t\t\t\t\t<div class=\"elementor-column elementor-col-50 elementor-top-column elementor-element elementor-element-72cfe70f\" data-id=\"72cfe70f\" data-element_type=\"column\">\n\t\t\t<div class=\"elementor-widget-wrap elementor-element-populated\">\n\t\t\t\t\t\t<div class=\"elementor-element elementor-element-2e2f4843 elementor-widget elementor-widget-heading\" data-id=\"2e2f4843\" data-element_type=\"widget\" data-widget_type=\"heading.default\">\n\t\t\t\t<div class=\"elementor-widget-container\">\n\t\t\t\t\t<h4 class=\"elementor-heading-title elementor-size-default\">Beg\u00e4r offert<\/h4>\t\t\t\t<\/div>\n\t\t\t\t<\/div>\n\t\t\t\t<div class=\"elementor-element elementor-element-7ac2f991 elementor-widget elementor-widget-heading\" data-id=\"7ac2f991\" data-element_type=\"widget\" data-widget_type=\"heading.default\">\n\t\t\t\t<div class=\"elementor-widget-container\">\n\t\t\t\t\t<h2 class=\"elementor-heading-title elementor-size-default\">Meddelande eller ring<\/h2>\t\t\t\t<\/div>\n\t\t\t\t<\/div>\n\t\t\t\t<div class=\"elementor-element elementor-element-595f7d90 elementor-mobile-align-center elementor-widget elementor-widget-button\" data-id=\"595f7d90\" data-element_type=\"widget\" data-widget_type=\"button.default\">\n\t\t\t\t<div class=\"elementor-widget-container\">\n\t\t\t\t\t\t\t\t\t<div class=\"elementor-button-wrapper\">\n\t\t\t\t\t<a class=\"elementor-button elementor-button-link elementor-size-md\" href=\"https:\/\/tumeagri.fi\/yhteystiedot\/\">\n\t\t\t\t\t\t<span class=\"elementor-button-content-wrapper\">\n\t\t\t\t\t\t<span class=\"elementor-button-icon\">\n\t\t\t\t<i aria-hidden=\"true\" class=\"fas fa-arrow-right\"><\/i>\t\t\t<\/span>\n\t\t\t\t\t\t\t\t\t<span class=\"elementor-button-text\">Ta kontakt<\/span>\n\t\t\t\t\t<\/span>\n\t\t\t\t\t<\/a>\n\t\t\t\t<\/div>\n\t\t\t\t\t\t\t\t<\/div>\n\t\t\t\t<\/div>\n\t\t\t\t\t<\/div>\n\t\t<\/div>\n\t\t\t\t<div class=\"elementor-column elementor-col-50 elementor-top-column elementor-element elementor-element-17afa6b\" data-id=\"17afa6b\" data-element_type=\"column\">\n\t\t\t<div class=\"elementor-widget-wrap elementor-element-populated\">\n\t\t\t\t\t\t<div class=\"elementor-element elementor-element-9cd9512 elementor-widget elementor-widget-image\" data-id=\"9cd9512\" data-element_type=\"widget\" data-settings=\"{&quot;motion_fx_motion_fx_scrolling&quot;:&quot;yes&quot;,&quot;motion_fx_translateY_effect&quot;:&quot;yes&quot;,&quot;motion_fx_translateY_direction&quot;:&quot;negative&quot;,&quot;motion_fx_translateY_speed&quot;:{&quot;unit&quot;:&quot;px&quot;,&quot;size&quot;:&quot;1&quot;,&quot;sizes&quot;:[]},&quot;motion_fx_devices&quot;:[&quot;desktop&quot;,&quot;tablet&quot;],&quot;motion_fx_translateY_affectedRange&quot;:{&quot;unit&quot;:&quot;%&quot;,&quot;size&quot;:&quot;&quot;,&quot;sizes&quot;:{&quot;start&quot;:&quot;0&quot;,&quot;end&quot;:&quot;50&quot;}}}\" data-widget_type=\"image.default\">\n\t\t\t\t<div class=\"elementor-widget-container\">\n\t\t\t\t\t\t\t\t\t\t\t\t\t\t\t<img decoding=\"async\" src=\"https:\/\/uusi.pel-tuote.fi\/wp-content\/uploads\/2021\/06\/DSC_3988-2-scaled.jpg\" title=\"\" alt=\"\" loading=\"lazy\" \/>\t\t\t\t\t\t\t\t\t\t\t\t\t\t\t<\/div>\n\t\t\t\t<\/div>\n\t\t\t\t<div class=\"elementor-element elementor-element-7902b94 elementor-widget elementor-widget-image\" data-id=\"7902b94\" data-element_type=\"widget\" data-widget_type=\"image.default\">\n\t\t\t\t<div class=\"elementor-widget-container\">\n\t\t\t\t\t\t\t\t\t\t\t\t\t\t\t<img decoding=\"async\" width=\"1024\" height=\"681\" src=\"https:\/\/tumeagri.fi\/wp-content\/uploads\/2023\/08\/DSC_2642-1024x681.jpg\" class=\"attachment-large size-large wp-image-28186\" alt=\"\" srcset=\"https:\/\/tumeagri.fi\/wp-content\/uploads\/2023\/08\/DSC_2642-1024x681.jpg 1024w, https:\/\/tumeagri.fi\/wp-content\/uploads\/2023\/08\/DSC_2642-300x200.jpg 300w, https:\/\/tumeagri.fi\/wp-content\/uploads\/2023\/08\/DSC_2642-768x511.jpg 768w, https:\/\/tumeagri.fi\/wp-content\/uploads\/2023\/08\/DSC_2642-1536x1022.jpg 1536w, https:\/\/tumeagri.fi\/wp-content\/uploads\/2023\/08\/DSC_2642-2048x1363.jpg 2048w\" sizes=\"(max-width: 1024px) 100vw, 1024px\" \/>\t\t\t\t\t\t\t\t\t\t\t\t\t\t\t<\/div>\n\t\t\t\t<\/div>\n\t\t\t\t\t<\/div>\n\t\t<\/div>\n\t\t\t\t\t<\/div>\n\t\t<\/section>\n\t\t\t\t<\/div>\n\t\t","protected":false},"excerpt":{"rendered":"<p>Service och reservdelar Service och reservdelar direkt fr\u00e5n fabriken Vi servar v\u00e5ra kunder i Finland via telefon, p\u00e5 fabriken och p\u00e5 v\u00e4gen. Vi renoverar alla ers\u00e4ttningsmaskiner. Vi underh\u00e5ller maskiner med [&hellip;]<\/p>\n","protected":false},"author":1,"featured_media":0,"parent":0,"menu_order":0,"comment_status":"closed","ping_status":"closed","template":"elementor_header_footer","meta":{"footnotes":""},"class_list":["post-26046","page","type-page","status-publish","hentry","wpbf-post"],"_links":{"self":[{"href":"https:\/\/tumeagri.fi\/sv\/wp-json\/wp\/v2\/pages\/26046","targetHints":{"allow":["GET"]}}],"collection":[{"href":"https:\/\/tumeagri.fi\/sv\/wp-json\/wp\/v2\/pages"}],"about":[{"href":"https:\/\/tumeagri.fi\/sv\/wp-json\/wp\/v2\/types\/page"}],"author":[{"embeddable":true,"href":"https:\/\/tumeagri.fi\/sv\/wp-json\/wp\/v2\/users\/1"}],"replies":[{"embeddable":true,"href":"https:\/\/tumeagri.fi\/sv\/wp-json\/wp\/v2\/comments?post=26046"}],"version-history":[{"count":32,"href":"https:\/\/tumeagri.fi\/sv\/wp-json\/wp\/v2\/pages\/26046\/revisions"}],"predecessor-version":[{"id":32355,"href":"https:\/\/tumeagri.fi\/sv\/wp-json\/wp\/v2\/pages\/26046\/revisions\/32355"}],"wp:attachment":[{"href":"https:\/\/tumeagri.fi\/sv\/wp-json\/wp\/v2\/media?parent=26046"}],"curies":[{"name":"wp","href":"https:\/\/api.w.org\/{rel}","templated":true}]}}