{"id":20522,"date":"2022-06-17T07:02:27","date_gmt":"2022-06-17T07:02:27","guid":{"rendered":"https:\/\/v43rblqzld1.c.updraftclone.com\/arkiv\/"},"modified":"2023-11-21T10:04:23","modified_gmt":"2023-11-21T08:04:23","slug":"arkiv","status":"publish","type":"page","link":"https:\/\/tumeagri.fi\/sv\/arkiv\/","title":{"rendered":"Arkiv"},"content":{"rendered":"\t\t<div data-elementor-type=\"wp-page\" data-elementor-id=\"20522\" class=\"elementor elementor-20522 elementor-12360\" data-elementor-post-type=\"page\">\n\t\t\t\t\t\t<section class=\"elementor-section elementor-top-section elementor-element elementor-element-b7f5b42 elementor-section-full_width elementor-section-height-min-height elementor-section-stretched elementor-section-height-default elementor-section-items-middle\" data-id=\"b7f5b42\" data-element_type=\"section\" data-settings=\"{&quot;background_background&quot;:&quot;classic&quot;,&quot;stretch_section&quot;:&quot;section-stretched&quot;}\">\n\t\t\t\t\t\t<div class=\"elementor-container elementor-column-gap-default\">\n\t\t\t\t\t<div class=\"elementor-column elementor-col-100 elementor-top-column elementor-element elementor-element-7f5e88a\" data-id=\"7f5e88a\" data-element_type=\"column\">\n\t\t\t<div class=\"elementor-widget-wrap elementor-element-populated\">\n\t\t\t\t\t\t<div class=\"elementor-element elementor-element-fde0d66 elementor-widget elementor-widget-heading\" data-id=\"fde0d66\" data-element_type=\"widget\" data-widget_type=\"heading.default\">\n\t\t\t\t<div class=\"elementor-widget-container\">\n\t\t\t\t\t<h1 class=\"elementor-heading-title elementor-size-default\">Arkiv<\/h1>\t\t\t\t<\/div>\n\t\t\t\t<\/div>\n\t\t\t\t\t<\/div>\n\t\t<\/div>\n\t\t\t\t\t<\/div>\n\t\t<\/section>\n\t\t\t\t<section class=\"elementor-section elementor-top-section elementor-element elementor-element-edf3e86 elementor-section-boxed elementor-section-height-default elementor-section-height-default\" data-id=\"edf3e86\" data-element_type=\"section\">\n\t\t\t\t\t\t<div class=\"elementor-container elementor-column-gap-default\">\n\t\t\t\t\t<div class=\"elementor-column elementor-col-100 elementor-top-column elementor-element elementor-element-8c36ceb\" data-id=\"8c36ceb\" data-element_type=\"column\">\n\t\t\t<div class=\"elementor-widget-wrap elementor-element-populated\">\n\t\t\t\t\t\t<div class=\"elementor-element elementor-element-a503299 elementor-widget elementor-widget-spacer\" data-id=\"a503299\" data-element_type=\"widget\" data-widget_type=\"spacer.default\">\n\t\t\t\t<div class=\"elementor-widget-container\">\n\t\t\t\t\t\t\t<div class=\"elementor-spacer\">\n\t\t\t<div class=\"elementor-spacer-inner\"><\/div>\n\t\t<\/div>\n\t\t\t\t\t\t<\/div>\n\t\t\t\t<\/div>\n\t\t\t\t<div class=\"elementor-element elementor-element-e2997f0 elementor-widget elementor-widget-heading\" data-id=\"e2997f0\" data-element_type=\"widget\" data-widget_type=\"heading.default\">\n\t\t\t\t<div class=\"elementor-widget-container\">\n\t\t\t\t\t<h2 class=\"elementor-heading-title elementor-size-default\">Bl\u00e4ddra och l\u00e4s artiklar<\/h2>\t\t\t\t<\/div>\n\t\t\t\t<\/div>\n\t\t\t\t\t<\/div>\n\t\t<\/div>\n\t\t\t\t\t<\/div>\n\t\t<\/section>\n\t\t\t\t<section class=\"elementor-section elementor-top-section elementor-element elementor-element-291461b6 elementor-section-boxed elementor-section-height-default elementor-section-height-default\" data-id=\"291461b6\" data-element_type=\"section\" data-settings=\"{&quot;background_background&quot;:&quot;classic&quot;}\">\n\t\t\t\t\t\t<div class=\"elementor-container elementor-column-gap-default\">\n\t\t\t\t\t<div class=\"elementor-column elementor-col-100 elementor-top-column elementor-element elementor-element-724b0db7\" data-id=\"724b0db7\" data-element_type=\"column\">\n\t\t\t<div class=\"elementor-widget-wrap elementor-element-populated\">\n\t\t\t\t\t\t<div class=\"elementor-element elementor-element-492c968 elementor-grid-3 elementor-grid-tablet-2 elementor-grid-mobile-1 elementor-posts--thumbnail-top elementor-widget elementor-widget-posts\" data-id=\"492c968\" data-element_type=\"widget\" data-settings=\"{&quot;classic_columns&quot;:&quot;3&quot;,&quot;classic_columns_tablet&quot;:&quot;2&quot;,&quot;classic_columns_mobile&quot;:&quot;1&quot;,&quot;classic_row_gap&quot;:{&quot;unit&quot;:&quot;px&quot;,&quot;size&quot;:35,&quot;sizes&quot;:[]},&quot;classic_row_gap_tablet&quot;:{&quot;unit&quot;:&quot;px&quot;,&quot;size&quot;:&quot;&quot;,&quot;sizes&quot;:[]},&quot;classic_row_gap_mobile&quot;:{&quot;unit&quot;:&quot;px&quot;,&quot;size&quot;:&quot;&quot;,&quot;sizes&quot;:[]}}\" data-widget_type=\"posts.classic\">\n\t\t\t\t<div class=\"elementor-widget-container\">\n\t\t\t\t\t\t\t<div class=\"elementor-posts-container elementor-posts elementor-posts--skin-classic elementor-grid\" role=\"list\">\n\t\t\t\t<article class=\"elementor-post elementor-grid-item post-32403 post type-post status-publish format-standard has-post-thumbnail hentry category-ajankohtaista wpbf-post\" role=\"listitem\">\n\t\t\t\t<a class=\"elementor-post__thumbnail__link\" href=\"https:\/\/tumeagri.fi\/sv\/med-tacksamhet-mot-nya-utmaningar\/\" tabindex=\"-1\" >\n\t\t\t<div class=\"elementor-post__thumbnail\"><img fetchpriority=\"high\" decoding=\"async\" width=\"266\" height=\"300\" src=\"https:\/\/tumeagri.fi\/wp-content\/uploads\/2025\/09\/image001-2-266x300.jpg\" class=\"attachment-medium size-medium wp-image-32422\" alt=\"\" srcset=\"https:\/\/tumeagri.fi\/wp-content\/uploads\/2025\/09\/image001-2-266x300.jpg 266w, https:\/\/tumeagri.fi\/wp-content\/uploads\/2025\/09\/image001-2-907x1024.jpg 907w, https:\/\/tumeagri.fi\/wp-content\/uploads\/2025\/09\/image001-2-768x867.jpg 768w, https:\/\/tumeagri.fi\/wp-content\/uploads\/2025\/09\/image001-2-1361x1536.jpg 1361w, https:\/\/tumeagri.fi\/wp-content\/uploads\/2025\/09\/image001-2-1815x2048.jpg 1815w\" sizes=\"(max-width: 266px) 100vw, 266px\" \/><\/div>\n\t\t<\/a>\n\t\t\t\t<div class=\"elementor-post__text\">\n\t\t\t\t<h3 class=\"elementor-post__title\">\n\t\t\t<a href=\"https:\/\/tumeagri.fi\/sv\/med-tacksamhet-mot-nya-utmaningar\/\" >\n\t\t\t\tMed tacksamhet mot nya utmaningar\t\t\t<\/a>\n\t\t<\/h3>\n\t\t\t\t<div class=\"elementor-post__meta-data\">\n\t\t\t\t\t<span class=\"elementor-post-date\">\n\t\t\t17.9.2025\t\t<\/span>\n\t\t\t\t<\/div>\n\t\t\t\t<div class=\"elementor-post__excerpt\">\n\t\t\t<p>Den 17 september drack vi avskedskaffe p\u00e5 Tume f\u00f6r verkst\u00e4llande direkt\u00f6r Jorma L\u00e4hetkangas.\u201dJag k\u00f6pte till och med t\u00e5rta s\u00e5 att det inte skulle l\u00e4mna en d\u00e5lig eftersmak efter mig,\u201d s\u00e4ger<\/p>\n\t\t<\/div>\n\t\t\n\t\t<a class=\"elementor-post__read-more\" href=\"https:\/\/tumeagri.fi\/sv\/med-tacksamhet-mot-nya-utmaningar\/\" aria-label=\"L\u00e4s mer om Med tacksamhet mot nya utmaningar\" tabindex=\"-1\" >\n\t\t\tL\u00e4s mer\t\t<\/a>\n\n\t\t\t\t<\/div>\n\t\t\t\t<\/article>\n\t\t\t\t<article class=\"elementor-post elementor-grid-item post-28085 post type-post status-publish format-standard has-post-thumbnail hentry category-ajankohtaista wpbf-post\" role=\"listitem\">\n\t\t\t\t<a class=\"elementor-post__thumbnail__link\" href=\"https:\/\/tumeagri.fi\/sv\/nu-behover-vi-receptet-pa-lantbruksbarnens-uppfostran\/\" tabindex=\"-1\" >\n\t\t\t<div class=\"elementor-post__thumbnail\"><img decoding=\"async\" width=\"300\" height=\"195\" src=\"https:\/\/tumeagri.fi\/wp-content\/uploads\/2023\/06\/DSC_3531-300x195.jpg\" class=\"attachment-medium size-medium wp-image-28069\" alt=\"\" srcset=\"https:\/\/tumeagri.fi\/wp-content\/uploads\/2023\/06\/DSC_3531-300x195.jpg 300w, https:\/\/tumeagri.fi\/wp-content\/uploads\/2023\/06\/DSC_3531-1024x665.jpg 1024w, https:\/\/tumeagri.fi\/wp-content\/uploads\/2023\/06\/DSC_3531-768x498.jpg 768w, https:\/\/tumeagri.fi\/wp-content\/uploads\/2023\/06\/DSC_3531-1536x997.jpg 1536w, https:\/\/tumeagri.fi\/wp-content\/uploads\/2023\/06\/DSC_3531-2048x1329.jpg 2048w\" sizes=\"(max-width: 300px) 100vw, 300px\" \/><\/div>\n\t\t<\/a>\n\t\t\t\t<div class=\"elementor-post__text\">\n\t\t\t\t<h3 class=\"elementor-post__title\">\n\t\t\t<a href=\"https:\/\/tumeagri.fi\/sv\/nu-behover-vi-receptet-pa-lantbruksbarnens-uppfostran\/\" >\n\t\t\t\tNu beh\u00f6ver vi receptet p\u00e5 lantbruksbarnens uppfostran!\t\t\t<\/a>\n\t\t<\/h3>\n\t\t\t\t<div class=\"elementor-post__meta-data\">\n\t\t\t\t\t<span class=\"elementor-post-date\">\n\t\t\t21.6.2023\t\t<\/span>\n\t\t\t\t<\/div>\n\t\t\t\t<div class=\"elementor-post__excerpt\">\n\t\t\t<p>Den mest hektiska s\u00e5ddperioden f\u00f6r Tumes kunder ligger \u00e5terigen bakom oss. \u00c5r efter \u00e5r \u00e4r det en stressig tid f\u00f6r hela organisationen, men samtidigt en tacksam s\u00e5dan. Vi p\u00e5 Tume<\/p>\n\t\t<\/div>\n\t\t\n\t\t<a class=\"elementor-post__read-more\" href=\"https:\/\/tumeagri.fi\/sv\/nu-behover-vi-receptet-pa-lantbruksbarnens-uppfostran\/\" aria-label=\"L\u00e4s mer om Nu beh\u00f6ver vi receptet p\u00e5 lantbruksbarnens uppfostran!\" tabindex=\"-1\" >\n\t\t\tL\u00e4s mer\t\t<\/a>\n\n\t\t\t\t<\/div>\n\t\t\t\t<\/article>\n\t\t\t\t<article class=\"elementor-post elementor-grid-item post-27678 post type-post status-publish format-standard has-post-thumbnail hentry category-aktuell tag-kombisamaskiner-sv tag-kombisamaskiner tag-kombisamaskiner-kollektion tag-nova-combi-sv tag-orion-sv tag-super-nova-combi-sv tag-tume-sv tag-tume-agri-sv wpbf-post\" role=\"listitem\">\n\t\t\t\t<a class=\"elementor-post__thumbnail__link\" href=\"https:\/\/tumeagri.fi\/sv\/tume-utokade-sin-kollektion-med-kombisamaskiner\/\" tabindex=\"-1\" >\n\t\t\t<div class=\"elementor-post__thumbnail\"><img decoding=\"async\" width=\"300\" height=\"233\" src=\"https:\/\/tumeagri.fi\/wp-content\/uploads\/2022\/10\/Orion-300x233.jpg\" class=\"attachment-medium size-medium wp-image-23576\" alt=\"\" srcset=\"https:\/\/tumeagri.fi\/wp-content\/uploads\/2022\/10\/Orion-300x233.jpg 300w, https:\/\/tumeagri.fi\/wp-content\/uploads\/2022\/10\/Orion-800x622.jpg 800w, https:\/\/tumeagri.fi\/wp-content\/uploads\/2022\/10\/Orion-1024x797.jpg 1024w, https:\/\/tumeagri.fi\/wp-content\/uploads\/2022\/10\/Orion-768x598.jpg 768w, https:\/\/tumeagri.fi\/wp-content\/uploads\/2022\/10\/Orion-1536x1195.jpg 1536w, https:\/\/tumeagri.fi\/wp-content\/uploads\/2022\/10\/Orion-2048x1593.jpg 2048w\" sizes=\"(max-width: 300px) 100vw, 300px\" \/><\/div>\n\t\t<\/a>\n\t\t\t\t<div class=\"elementor-post__text\">\n\t\t\t\t<h3 class=\"elementor-post__title\">\n\t\t\t<a href=\"https:\/\/tumeagri.fi\/sv\/tume-utokade-sin-kollektion-med-kombisamaskiner\/\" >\n\t\t\t\tTume ut\u00f6kade sin kollektion med kombis\u00e5maskiner\t\t\t<\/a>\n\t\t<\/h3>\n\t\t\t\t<div class=\"elementor-post__meta-data\">\n\t\t\t\t\t<span class=\"elementor-post-date\">\n\t\t\t25.4.2023\t\t<\/span>\n\t\t\t\t<\/div>\n\t\t\t\t<div class=\"elementor-post__excerpt\">\n\t\t\t<p>Tume Orion som presenterades p\u00e5 Maskinm\u00e4ssan i Helsingfors \u00e4r en ny 3 eller 4 meters kombis\u00e5maskin som alltid \u00e4r ISOBUS-kompatibel. Maskinen \u00e4r konstruerad f\u00f6r traditionell anv\u00e4ndning eller f\u00f6r kombis\u00e5dd med<\/p>\n\t\t<\/div>\n\t\t\n\t\t<a class=\"elementor-post__read-more\" href=\"https:\/\/tumeagri.fi\/sv\/tume-utokade-sin-kollektion-med-kombisamaskiner\/\" aria-label=\"L\u00e4s mer om Tume ut\u00f6kade sin kollektion med kombis\u00e5maskiner\" tabindex=\"-1\" >\n\t\t\tL\u00e4s mer\t\t<\/a>\n\n\t\t\t\t<\/div>\n\t\t\t\t<\/article>\n\t\t\t\t<article class=\"elementor-post elementor-grid-item post-26092 post type-post status-publish format-standard has-post-thumbnail hentry category-aktuell wpbf-post\" role=\"listitem\">\n\t\t\t\t<a class=\"elementor-post__thumbnail__link\" href=\"https:\/\/tumeagri.fi\/sv\/god-jul-och-ett-sa-bra-ar-2022-som-mojligt\/\" tabindex=\"-1\" >\n\t\t\t<div class=\"elementor-post__thumbnail\"><img loading=\"lazy\" decoding=\"async\" width=\"300\" height=\"202\" src=\"https:\/\/tumeagri.fi\/wp-content\/uploads\/2022\/12\/20211216-Robotti2-300x202.jpg\" class=\"attachment-medium size-medium wp-image-26088\" alt=\"\" srcset=\"https:\/\/tumeagri.fi\/wp-content\/uploads\/2022\/12\/20211216-Robotti2-300x202.jpg 300w, https:\/\/tumeagri.fi\/wp-content\/uploads\/2022\/12\/20211216-Robotti2-1024x690.jpg 1024w, https:\/\/tumeagri.fi\/wp-content\/uploads\/2022\/12\/20211216-Robotti2-768x518.jpg 768w, https:\/\/tumeagri.fi\/wp-content\/uploads\/2022\/12\/20211216-Robotti2-1536x1035.jpg 1536w, https:\/\/tumeagri.fi\/wp-content\/uploads\/2022\/12\/20211216-Robotti2-2048x1380.jpg 2048w, https:\/\/tumeagri.fi\/wp-content\/uploads\/2022\/12\/20211216-Robotti2-800x539.jpg 800w\" sizes=\"(max-width: 300px) 100vw, 300px\" \/><\/div>\n\t\t<\/a>\n\t\t\t\t<div class=\"elementor-post__text\">\n\t\t\t\t<h3 class=\"elementor-post__title\">\n\t\t\t<a href=\"https:\/\/tumeagri.fi\/sv\/god-jul-och-ett-sa-bra-ar-2022-som-mojligt\/\" >\n\t\t\t\tGod jul och ett s\u00e5 bra \u00e5r 2022 som m\u00f6jligt\t\t\t<\/a>\n\t\t<\/h3>\n\t\t\t\t<div class=\"elementor-post__meta-data\">\n\t\t\t\t\t<span class=\"elementor-post-date\">\n\t\t\t22.12.2021\t\t<\/span>\n\t\t\t\t<\/div>\n\t\t\t\t<div class=\"elementor-post__excerpt\">\n\t\t\t<p>\u00c5r 2021 b\u00f6rjar leda mot sitt slut. Det har varit ett mycket utmanande \u00e5r f\u00f6r alla, f\u00f6r m\u00e4nskligheten som helhet. Det m\u00e5ste dock s\u00e4gas att m\u00e5nga sektorer \u00e4r i ett<\/p>\n\t\t<\/div>\n\t\t\n\t\t<a class=\"elementor-post__read-more\" href=\"https:\/\/tumeagri.fi\/sv\/god-jul-och-ett-sa-bra-ar-2022-som-mojligt\/\" aria-label=\"L\u00e4s mer om God jul och ett s\u00e5 bra \u00e5r 2022 som m\u00f6jligt\" tabindex=\"-1\" >\n\t\t\tL\u00e4s mer\t\t<\/a>\n\n\t\t\t\t<\/div>\n\t\t\t\t<\/article>\n\t\t\t\t<\/div>\n\t\t\n\t\t\t\t\t\t<\/div>\n\t\t\t\t<\/div>\n\t\t\t\t\t<\/div>\n\t\t<\/div>\n\t\t\t\t\t<\/div>\n\t\t<\/section>\n\t\t\t\t<section class=\"elementor-section elementor-top-section elementor-element elementor-element-45a94e35 elementor-section-boxed elementor-section-height-default elementor-section-height-default\" data-id=\"45a94e35\" data-element_type=\"section\" data-settings=\"{&quot;background_background&quot;:&quot;gradient&quot;,&quot;shape_divider_top&quot;:&quot;waves&quot;}\">\n\t\t\t\t\t\t\t<div class=\"elementor-background-overlay\"><\/div>\n\t\t\t\t\t\t<div class=\"elementor-shape elementor-shape-top\" aria-hidden=\"true\" data-negative=\"false\">\n\t\t\t<svg xmlns=\"http:\/\/www.w3.org\/2000\/svg\" viewBox=\"0 0 1000 100\" preserveAspectRatio=\"none\">\n\t<path class=\"elementor-shape-fill\" d=\"M421.9,6.5c22.6-2.5,51.5,0.4,75.5,5.3c23.6,4.9,70.9,23.5,100.5,35.7c75.8,32.2,133.7,44.5,192.6,49.7\n\tc23.6,2.1,48.7,3.5,103.4-2.5c54.7-6,106.2-25.6,106.2-25.6V0H0v30.3c0,0,72,32.6,158.4,30.5c39.2-0.7,92.8-6.7,134-22.4\n\tc21.2-8.1,52.2-18.2,79.7-24.2C399.3,7.9,411.6,7.5,421.9,6.5z\"\/>\n<\/svg>\t\t<\/div>\n\t\t\t\t\t<div class=\"elementor-container elementor-column-gap-default\">\n\t\t\t\t\t<div class=\"elementor-column elementor-col-50 elementor-top-column elementor-element elementor-element-d5446ce\" data-id=\"d5446ce\" data-element_type=\"column\">\n\t\t\t<div class=\"elementor-widget-wrap elementor-element-populated\">\n\t\t\t\t\t\t<div class=\"elementor-element elementor-element-6833f4cb elementor-widget elementor-widget-heading\" data-id=\"6833f4cb\" data-element_type=\"widget\" data-widget_type=\"heading.default\">\n\t\t\t\t<div class=\"elementor-widget-container\">\n\t\t\t\t\t<h4 class=\"elementor-heading-title elementor-size-default\">Beg\u00e4r offert<\/h4>\t\t\t\t<\/div>\n\t\t\t\t<\/div>\n\t\t\t\t<div class=\"elementor-element elementor-element-41272994 elementor-widget elementor-widget-heading\" data-id=\"41272994\" data-element_type=\"widget\" data-widget_type=\"heading.default\">\n\t\t\t\t<div class=\"elementor-widget-container\">\n\t\t\t\t\t<h2 class=\"elementor-heading-title elementor-size-default\">Meddelande eller ring<\/h2>\t\t\t\t<\/div>\n\t\t\t\t<\/div>\n\t\t\t\t<div class=\"elementor-element elementor-element-3a837fd elementor-mobile-align-center elementor-widget elementor-widget-button\" data-id=\"3a837fd\" data-element_type=\"widget\" data-widget_type=\"button.default\">\n\t\t\t\t<div class=\"elementor-widget-container\">\n\t\t\t\t\t\t\t\t\t<div class=\"elementor-button-wrapper\">\n\t\t\t\t\t<a class=\"elementor-button elementor-button-link elementor-size-md\" href=\"https:\/\/tumeagri.fi\/yhteystiedot\/\">\n\t\t\t\t\t\t<span class=\"elementor-button-content-wrapper\">\n\t\t\t\t\t\t<span class=\"elementor-button-icon\">\n\t\t\t\t<i aria-hidden=\"true\" class=\"fas fa-arrow-right\"><\/i>\t\t\t<\/span>\n\t\t\t\t\t\t\t\t\t<span class=\"elementor-button-text\">Ta kontakt<\/span>\n\t\t\t\t\t<\/span>\n\t\t\t\t\t<\/a>\n\t\t\t\t<\/div>\n\t\t\t\t\t\t\t\t<\/div>\n\t\t\t\t<\/div>\n\t\t\t\t\t<\/div>\n\t\t<\/div>\n\t\t\t\t<div class=\"elementor-column elementor-col-50 elementor-top-column elementor-element elementor-element-7f90a455\" data-id=\"7f90a455\" data-element_type=\"column\">\n\t\t\t<div class=\"elementor-widget-wrap elementor-element-populated\">\n\t\t\t\t\t\t<div class=\"elementor-element elementor-element-789976d6 elementor-widget elementor-widget-image\" data-id=\"789976d6\" data-element_type=\"widget\" data-settings=\"{&quot;motion_fx_motion_fx_scrolling&quot;:&quot;yes&quot;,&quot;motion_fx_translateY_effect&quot;:&quot;yes&quot;,&quot;motion_fx_translateY_direction&quot;:&quot;negative&quot;,&quot;motion_fx_translateY_speed&quot;:{&quot;unit&quot;:&quot;px&quot;,&quot;size&quot;:&quot;1&quot;,&quot;sizes&quot;:[]},&quot;motion_fx_devices&quot;:[&quot;desktop&quot;,&quot;tablet&quot;],&quot;motion_fx_translateY_affectedRange&quot;:{&quot;unit&quot;:&quot;%&quot;,&quot;size&quot;:&quot;&quot;,&quot;sizes&quot;:{&quot;start&quot;:&quot;0&quot;,&quot;end&quot;:&quot;50&quot;}}}\" data-widget_type=\"image.default\">\n\t\t\t\t<div class=\"elementor-widget-container\">\n\t\t\t\t\t\t\t\t\t\t\t\t\t\t\t<img decoding=\"async\" src=\"https:\/\/uusi.pel-tuote.fi\/wp-content\/uploads\/2021\/06\/DSC_3988-2-scaled.jpg\" title=\"\" alt=\"\" loading=\"lazy\" \/>\t\t\t\t\t\t\t\t\t\t\t\t\t\t\t<\/div>\n\t\t\t\t<\/div>\n\t\t\t\t\t<\/div>\n\t\t<\/div>\n\t\t\t\t\t<\/div>\n\t\t<\/section>\n\t\t\t\t<\/div>\n\t\t","protected":false},"excerpt":{"rendered":"<p>Arkiv Bl\u00e4ddra och l\u00e4s artiklar Beg\u00e4r offert Meddelande eller ring Ta kontakt<\/p>\n","protected":false},"author":1,"featured_media":0,"parent":0,"menu_order":0,"comment_status":"closed","ping_status":"closed","template":"elementor_header_footer","meta":{"footnotes":""},"class_list":["post-20522","page","type-page","status-publish","hentry","wpbf-post"],"_links":{"self":[{"href":"https:\/\/tumeagri.fi\/sv\/wp-json\/wp\/v2\/pages\/20522","targetHints":{"allow":["GET"]}}],"collection":[{"href":"https:\/\/tumeagri.fi\/sv\/wp-json\/wp\/v2\/pages"}],"about":[{"href":"https:\/\/tumeagri.fi\/sv\/wp-json\/wp\/v2\/types\/page"}],"author":[{"embeddable":true,"href":"https:\/\/tumeagri.fi\/sv\/wp-json\/wp\/v2\/users\/1"}],"replies":[{"embeddable":true,"href":"https:\/\/tumeagri.fi\/sv\/wp-json\/wp\/v2\/comments?post=20522"}],"version-history":[{"count":3,"href":"https:\/\/tumeagri.fi\/sv\/wp-json\/wp\/v2\/pages\/20522\/revisions"}],"predecessor-version":[{"id":29163,"href":"https:\/\/tumeagri.fi\/sv\/wp-json\/wp\/v2\/pages\/20522\/revisions\/29163"}],"wp:attachment":[{"href":"https:\/\/tumeagri.fi\/sv\/wp-json\/wp\/v2\/media?parent=20522"}],"curies":[{"name":"wp","href":"https:\/\/api.w.org\/{rel}","templated":true}]}}