{"id":14586,"date":"2021-09-17T15:02:32","date_gmt":"2021-09-17T15:02:32","guid":{"rendered":"https:\/\/uusi.pel-tuote.fi\/kivi-pekka-pa-svenska\/virgo-valt\/"},"modified":"2021-09-17T15:02:34","modified_gmt":"2021-09-17T15:02:34","slug":"virgo-valt","status":"publish","type":"page","link":"https:\/\/tumeagri.fi\/sv\/samaskiner\/virgo-valt\/","title":{"rendered":"Virgo v\u00e4lt"},"content":{"rendered":"\t\t<div data-elementor-type=\"wp-page\" data-elementor-id=\"14586\" class=\"elementor elementor-14586\" data-elementor-post-type=\"page\">\n\t\t\t\t\t\t<section class=\"elementor-section elementor-top-section elementor-element elementor-element-b6e2ebb elementor-section-boxed elementor-section-height-default elementor-section-height-default\" data-id=\"b6e2ebb\" data-element_type=\"section\">\n\t\t\t\t\t\t<div class=\"elementor-container elementor-column-gap-default\">\n\t\t\t\t\t<div class=\"elementor-column elementor-col-100 elementor-top-column elementor-element elementor-element-d98bbab\" data-id=\"d98bbab\" data-element_type=\"column\">\n\t\t\t<div class=\"elementor-widget-wrap\">\n\t\t\t\t\t\t\t<\/div>\n\t\t<\/div>\n\t\t\t\t\t<\/div>\n\t\t<\/section>\n\t\t\t\t<section class=\"elementor-section elementor-top-section elementor-element elementor-element-b4fe20e elementor-section-height-min-height elementor-section-full_width elementor-section-height-default elementor-section-items-middle\" data-id=\"b4fe20e\" data-element_type=\"section\" data-settings=\"{&quot;background_background&quot;:&quot;video&quot;,&quot;background_video_start&quot;:3,&quot;background_video_end&quot;:12,&quot;background_play_on_mobile&quot;:&quot;yes&quot;}\">\n\t\t\t\t\t\t\t<div class=\"elementor-background-overlay\"><\/div>\n\t\t\t\t\t\t\t<div class=\"elementor-container elementor-column-gap-default\">\n\t\t\t\t\t<div class=\"elementor-column elementor-col-100 elementor-top-column elementor-element elementor-element-bdedcf1\" data-id=\"bdedcf1\" data-element_type=\"column\">\n\t\t\t<div class=\"elementor-widget-wrap elementor-element-populated\">\n\t\t\t\t\t\t<div class=\"elementor-element elementor-element-3547d433 elementor-invisible elementor-widget elementor-widget-text-editor\" data-id=\"3547d433\" data-element_type=\"widget\" data-settings=\"{&quot;_animation&quot;:&quot;fadeInDown&quot;}\" data-widget_type=\"text-editor.default\">\n\t\t\t\t<div class=\"elementor-widget-container\">\n\t\t\t\t\t\t\t\t\t<p>Virgo<\/p>\n\t\t\t\t\t\t\t\t<\/div>\n\t\t\t\t<\/div>\n\t\t\t\t<div class=\"elementor-element elementor-element-1573e7e0 elementor-invisible elementor-widget elementor-widget-heading\" data-id=\"1573e7e0\" data-element_type=\"widget\" data-settings=\"{&quot;_animation&quot;:&quot;fadeInUp&quot;}\" data-widget_type=\"heading.default\">\n\t\t\t\t<div class=\"elementor-widget-container\">\n\t\t\t\t\t<h1 class=\"elementor-heading-title elementor-size-default\">V\u00e4lt<\/h1>\t\t\t\t<\/div>\n\t\t\t\t<\/div>\n\t\t\t\t\t<\/div>\n\t\t<\/div>\n\t\t\t\t\t<\/div>\n\t\t<\/section>\n\t\t\t\t<section class=\"elementor-section elementor-top-section elementor-element elementor-element-a8235c7 elementor-section-boxed elementor-section-height-default elementor-section-height-default\" data-id=\"a8235c7\" data-element_type=\"section\">\n\t\t\t\t\t\t<div class=\"elementor-container elementor-column-gap-default\">\n\t\t\t\t\t<div class=\"elementor-column elementor-col-100 elementor-top-column elementor-element elementor-element-3f89e07\" data-id=\"3f89e07\" data-element_type=\"column\">\n\t\t\t<div class=\"elementor-widget-wrap\">\n\t\t\t\t\t\t\t<\/div>\n\t\t<\/div>\n\t\t\t\t\t<\/div>\n\t\t<\/section>\n\t\t\t\t<section class=\"elementor-section elementor-top-section elementor-element elementor-element-e71fc1a elementor-section-boxed elementor-section-height-default elementor-section-height-default\" data-id=\"e71fc1a\" data-element_type=\"section\">\n\t\t\t\t\t\t<div class=\"elementor-container elementor-column-gap-default\">\n\t\t\t\t\t<div class=\"elementor-column elementor-col-100 elementor-top-column elementor-element elementor-element-15e4c7c\" data-id=\"15e4c7c\" data-element_type=\"column\">\n\t\t\t<div class=\"elementor-widget-wrap elementor-element-populated\">\n\t\t\t\t\t\t<div class=\"elementor-element elementor-element-e456c88 elementor-widget elementor-widget-heading\" data-id=\"e456c88\" data-element_type=\"widget\" data-widget_type=\"heading.default\">\n\t\t\t\t<div class=\"elementor-widget-container\">\n\t\t\t\t\t<h1 class=\"elementor-heading-title elementor-size-default\">P\u00e5litlig och l\u00e4ttanv\u00e4nd maskin.<\/h1>\t\t\t\t<\/div>\n\t\t\t\t<\/div>\n\t\t\t\t<div class=\"elementor-element elementor-element-b3111a8 elementor-widget elementor-widget-text-editor\" data-id=\"b3111a8\" data-element_type=\"widget\" data-widget_type=\"text-editor.default\">\n\t\t\t\t<div class=\"elementor-widget-container\">\n\t\t\t\t\t\t\t\t\t<div class=\"fusion-one-half one_half fusion-column\">\n<p>De starka och h\u00e5llbara Kivi-Pekka-rullarna tillverkas nu i <a href=\"https:\/\/tumeagri.fi\/sv\/\"><strong>Tume-Agri Oy<\/strong><\/a>: s lokaler i Turenki, Finland, under namnet Virgo. Produkten har f\u00f6rb\u00e4ttrats ytterligare enligt anv\u00e4ndarnas \u00f6nskem\u00e5l. Maskinerna s\u00e4ljs fr\u00e5n b\u00e5de Tume-Agri och PEL-tuote.<\/p>\n<p>Virgo v\u00e4lt har konstruerats f\u00f6r att t\u00e5la p\u00e5frestningarna p\u00e5 steniga \u00e5krar. De starka gummipackvalsarna \u00e4r av specialkvalitet och skadas inte n\u00e4r de sl\u00e5r i en sten. Dessutom d\u00e4mpar de slag mot lagren. P\u00e5 s\u00e5 s\u00e4tt slipper man de vanliga skadorna p\u00e5 v\u00e4ltskivorna och problemen med lagren. V\u00e4lten l\u00e4mnar efter sig ett normalt och j\u00e4mnt resultat och trycker tillbaka stenar i marken.<\/p>\n<p>V\u00e4lten best\u00e5r av tre block, varav det mittersta anv\u00e4nds vid transport p\u00e5 v\u00e4g. Sidoblocken viks in hydrauliskt i transportposition och trycks ner i arbetsposition med en tryckackumulator s\u00e5 att man f\u00e5r ett j\u00e4mnt yttryck l\u00e4ngs hela bredden och f\u00f6ljsamhet efter markens konturer. Maskinen kan utrustas med en framsladd eller gr\u00e4sharv f\u00f6r att \u00f6ka dess anv\u00e4ndningsm\u00f6jligheter. V\u00e4lten trycker ner och packar fr\u00f6na mot marken och f\u00f6rb\u00e4ttrar deras grof\u00f6rm\u00e5ga dramatiskt. P\u00e5 samma g\u00e5ng trycker den ner stenar i marken.<\/p>\n<\/div>\n<div class=\"fusion-one-half one_half fusion-column last\">\n<p>Den pneumatiska s\u00e5enheten kan utrustas med en 300 eller 500 liters fr\u00f6beh\u00e5llare. D\u00e5 har v\u00e4lten 8 st. matarr\u00f6r. Om s\u00e5enheten \u00e4r 800 liter har v\u00e4lten 16 st. matarr\u00f6r.<\/p>\n<p>Gr\u00e4sharven och den pneumatiska s\u00e5enheten m\u00f6jligg\u00f6r effektiv gr\u00e4sf\u00f6rnyelse och kompletteringss\u00e5dd. Det g\u00e5r \u00e4ven utm\u00e4rkt att s\u00e5 andra sm\u00e5fr\u00f6n. Den hydrauliska framharven i tv\u00e5 rader \u00f6ppnar f\u00f6rsiktigt upp \u00e5kerns yta och ser till att fr\u00f6et f\u00e5r bra kontakt med marken. V\u00e4lten trycker sedan ner och packar fr\u00f6na mot marken.<\/p>\n<p>Den hydrauliska framsladden m\u00f6jligg\u00f6r effektiv tillj\u00e4mning av den bearbetade marken samt s\u00f6ndring och smulning av jordskorpor och -klumpar. V\u00e4lten fungerar b\u00e4st vid tillj\u00e4mning av pl\u00f6jd mark och g\u00f6r att man slipper andra bearbetningsskeden f\u00f6re s\u00e5dden. Framsladden j\u00e4mnar till oj\u00e4mnheter och v\u00e4lten packar ytan och f\u00f6rhindrar den fr\u00e5n att torka f\u00f6r snabbt.<\/p>\n<\/div>\n\t\t\t\t\t\t\t\t<\/div>\n\t\t\t\t<\/div>\n\t\t\t\t<div class=\"elementor-element elementor-element-0b7fb30 elementor-align-center elementor-widget elementor-widget-button\" data-id=\"0b7fb30\" data-element_type=\"widget\" data-widget_type=\"button.default\">\n\t\t\t\t<div class=\"elementor-widget-container\">\n\t\t\t\t\t\t\t\t\t<div class=\"elementor-button-wrapper\">\n\t\t\t\t\t<a class=\"elementor-button elementor-button-link elementor-size-sm\" href=\"https:\/\/tumeagri.fi\/virgo_valt\/\" target=\"_blank\">\n\t\t\t\t\t\t<span class=\"elementor-button-content-wrapper\">\n\t\t\t\t\t\t\t\t\t<span class=\"elementor-button-text\">Virgo p\u00e5 Tumes webbplats<\/span>\n\t\t\t\t\t<\/span>\n\t\t\t\t\t<\/a>\n\t\t\t\t<\/div>\n\t\t\t\t\t\t\t\t<\/div>\n\t\t\t\t<\/div>\n\t\t\t\t\t<\/div>\n\t\t<\/div>\n\t\t\t\t\t<\/div>\n\t\t<\/section>\n\t\t\t\t<section class=\"elementor-section elementor-top-section elementor-element elementor-element-679405e elementor-section-boxed elementor-section-height-default elementor-section-height-default\" data-id=\"679405e\" data-element_type=\"section\">\n\t\t\t\t\t\t<div class=\"elementor-container elementor-column-gap-default\">\n\t\t\t\t\t<div class=\"elementor-column elementor-col-33 elementor-top-column elementor-element elementor-element-4b41c9e\" data-id=\"4b41c9e\" data-element_type=\"column\">\n\t\t\t<div class=\"elementor-widget-wrap\">\n\t\t\t\t\t\t\t<\/div>\n\t\t<\/div>\n\t\t\t\t<div class=\"elementor-column elementor-col-33 elementor-top-column elementor-element elementor-element-84df895\" data-id=\"84df895\" data-element_type=\"column\">\n\t\t\t<div class=\"elementor-widget-wrap elementor-element-populated\">\n\t\t\t\t\t\t<div class=\"elementor-element elementor-element-a7291f6 elementor-widget elementor-widget-image\" data-id=\"a7291f6\" data-element_type=\"widget\" data-widget_type=\"image.default\">\n\t\t\t\t<div class=\"elementor-widget-container\">\n\t\t\t\t\t\t\t\t\t\t\t\t\t\t\t<img fetchpriority=\"high\" decoding=\"async\" width=\"1024\" height=\"434\" src=\"https:\/\/tumeagri.fi\/wp-content\/uploads\/2019\/12\/TUME2020logovaakataustaton-01-1024x434.png\" class=\"attachment-large size-large wp-image-5033\" alt=\"\" srcset=\"https:\/\/tumeagri.fi\/wp-content\/uploads\/2019\/12\/TUME2020logovaakataustaton-01-1024x434.png 1024w, https:\/\/tumeagri.fi\/wp-content\/uploads\/2019\/12\/TUME2020logovaakataustaton-01-800x339.png 800w, https:\/\/tumeagri.fi\/wp-content\/uploads\/2019\/12\/TUME2020logovaakataustaton-01-300x127.png 300w, https:\/\/tumeagri.fi\/wp-content\/uploads\/2019\/12\/TUME2020logovaakataustaton-01-768x326.png 768w, https:\/\/tumeagri.fi\/wp-content\/uploads\/2019\/12\/TUME2020logovaakataustaton-01-1536x651.png 1536w, https:\/\/tumeagri.fi\/wp-content\/uploads\/2019\/12\/TUME2020logovaakataustaton-01-2048x868.png 2048w\" sizes=\"(max-width: 1024px) 100vw, 1024px\" \/>\t\t\t\t\t\t\t\t\t\t\t\t\t\t\t<\/div>\n\t\t\t\t<\/div>\n\t\t\t\t\t<\/div>\n\t\t<\/div>\n\t\t\t\t<div class=\"elementor-column elementor-col-33 elementor-top-column elementor-element elementor-element-0877d58\" data-id=\"0877d58\" data-element_type=\"column\">\n\t\t\t<div class=\"elementor-widget-wrap\">\n\t\t\t\t\t\t\t<\/div>\n\t\t<\/div>\n\t\t\t\t\t<\/div>\n\t\t<\/section>\n\t\t\t\t<section class=\"elementor-section elementor-top-section elementor-element elementor-element-f3feb46 elementor-section-boxed elementor-section-height-default elementor-section-height-default\" data-id=\"f3feb46\" data-element_type=\"section\">\n\t\t\t\t\t\t<div class=\"elementor-container elementor-column-gap-default\">\n\t\t\t\t\t\t<\/div>\n\t\t<\/section>\n\t\t\t\t<section class=\"elementor-section elementor-top-section elementor-element elementor-element-d794ca3 elementor-section-boxed elementor-section-height-default elementor-section-height-default\" data-id=\"d794ca3\" data-element_type=\"section\">\n\t\t\t\t\t\t<div class=\"elementor-container elementor-column-gap-default\">\n\t\t\t\t\t<div class=\"elementor-column elementor-col-100 elementor-top-column elementor-element elementor-element-fc5a47b\" data-id=\"fc5a47b\" data-element_type=\"column\">\n\t\t\t<div class=\"elementor-widget-wrap elementor-element-populated\">\n\t\t\t\t\t\t<div class=\"elementor-element elementor-element-d0afbdf elementor-widget elementor-widget-spacer\" data-id=\"d0afbdf\" data-element_type=\"widget\" data-widget_type=\"spacer.default\">\n\t\t\t\t<div class=\"elementor-widget-container\">\n\t\t\t\t\t\t\t<div class=\"elementor-spacer\">\n\t\t\t<div class=\"elementor-spacer-inner\"><\/div>\n\t\t<\/div>\n\t\t\t\t\t\t<\/div>\n\t\t\t\t<\/div>\n\t\t\t\t\t<\/div>\n\t\t<\/div>\n\t\t\t\t\t<\/div>\n\t\t<\/section>\n\t\t\t\t<section class=\"elementor-section elementor-top-section elementor-element elementor-element-9f71c16 elementor-section-boxed elementor-section-height-default elementor-section-height-default\" data-id=\"9f71c16\" data-element_type=\"section\">\n\t\t\t\t\t\t<div class=\"elementor-container elementor-column-gap-default\">\n\t\t\t\t\t<div class=\"elementor-column elementor-col-100 elementor-top-column elementor-element elementor-element-b0f2fdf\" data-id=\"b0f2fdf\" data-element_type=\"column\">\n\t\t\t<div class=\"elementor-widget-wrap elementor-element-populated\">\n\t\t\t\t\t\t<div class=\"elementor-element elementor-element-331ae23 elementor-share-buttons--skin-framed elementor-share-buttons--shape-circle elementor-share-buttons--view-icon-text elementor-grid-0 elementor-share-buttons--color-official elementor-widget elementor-widget-global elementor-global-11178 elementor-widget-share-buttons\" data-id=\"331ae23\" data-element_type=\"widget\" data-widget_type=\"share-buttons.default\">\n\t\t\t\t<div class=\"elementor-widget-container\">\n\t\t\t\t\t\t\t<div class=\"elementor-grid\" role=\"list\">\n\t\t\t\t\t\t\t\t<div class=\"elementor-grid-item\" role=\"listitem\">\n\t\t\t\t\t\t<div class=\"elementor-share-btn elementor-share-btn_facebook\" role=\"button\" tabindex=\"0\" aria-label=\"Dela p\u00e5 facebook\">\n\t\t\t\t\t\t\t\t\t\t\t\t\t\t\t<span class=\"elementor-share-btn__icon\">\n\t\t\t\t\t\t\t\t<i class=\"fab fa-facebook\" aria-hidden=\"true\"><\/i>\t\t\t\t\t\t\t<\/span>\n\t\t\t\t\t\t\t\t\t\t\t\t\t\t\t\t\t\t\t\t<\/div>\n\t\t\t\t\t<\/div>\n\t\t\t\t\t\t\t\t\t<div class=\"elementor-grid-item\" role=\"listitem\">\n\t\t\t\t\t\t<div class=\"elementor-share-btn elementor-share-btn_twitter\" role=\"button\" tabindex=\"0\" aria-label=\"Dela p\u00e5 twitter\">\n\t\t\t\t\t\t\t\t\t\t\t\t\t\t\t<span class=\"elementor-share-btn__icon\">\n\t\t\t\t\t\t\t\t<i class=\"fab fa-twitter\" aria-hidden=\"true\"><\/i>\t\t\t\t\t\t\t<\/span>\n\t\t\t\t\t\t\t\t\t\t\t\t\t\t\t\t\t\t\t\t<\/div>\n\t\t\t\t\t<\/div>\n\t\t\t\t\t\t\t\t\t<div class=\"elementor-grid-item\" role=\"listitem\">\n\t\t\t\t\t\t<div class=\"elementor-share-btn elementor-share-btn_linkedin\" role=\"button\" tabindex=\"0\" aria-label=\"Dela p\u00e5 linkedin\">\n\t\t\t\t\t\t\t\t\t\t\t\t\t\t\t<span class=\"elementor-share-btn__icon\">\n\t\t\t\t\t\t\t\t<i class=\"fab fa-linkedin\" aria-hidden=\"true\"><\/i>\t\t\t\t\t\t\t<\/span>\n\t\t\t\t\t\t\t\t\t\t\t\t\t\t\t\t\t\t\t\t<\/div>\n\t\t\t\t\t<\/div>\n\t\t\t\t\t\t\t\t\t<div class=\"elementor-grid-item\" role=\"listitem\">\n\t\t\t\t\t\t<div class=\"elementor-share-btn elementor-share-btn_whatsapp\" role=\"button\" tabindex=\"0\" aria-label=\"Dela p\u00e5 whatsapp\">\n\t\t\t\t\t\t\t\t\t\t\t\t\t\t\t<span class=\"elementor-share-btn__icon\">\n\t\t\t\t\t\t\t\t<i class=\"fab fa-whatsapp\" aria-hidden=\"true\"><\/i>\t\t\t\t\t\t\t<\/span>\n\t\t\t\t\t\t\t\t\t\t\t\t\t\t\t\t\t\t\t\t<\/div>\n\t\t\t\t\t<\/div>\n\t\t\t\t\t\t\t\t\t<div class=\"elementor-grid-item\" role=\"listitem\">\n\t\t\t\t\t\t<div class=\"elementor-share-btn elementor-share-btn_email\" role=\"button\" tabindex=\"0\" aria-label=\"Dela p\u00e5 email\">\n\t\t\t\t\t\t\t\t\t\t\t\t\t\t\t<span class=\"elementor-share-btn__icon\">\n\t\t\t\t\t\t\t\t<i class=\"fas fa-envelope\" aria-hidden=\"true\"><\/i>\t\t\t\t\t\t\t<\/span>\n\t\t\t\t\t\t\t\t\t\t\t\t\t\t\t\t\t\t\t\t<\/div>\n\t\t\t\t\t<\/div>\n\t\t\t\t\t\t\t\t\t<div class=\"elementor-grid-item\" role=\"listitem\">\n\t\t\t\t\t\t<div class=\"elementor-share-btn elementor-share-btn_print\" role=\"button\" tabindex=\"0\" aria-label=\"Dela p\u00e5 print\">\n\t\t\t\t\t\t\t\t\t\t\t\t\t\t\t<span class=\"elementor-share-btn__icon\">\n\t\t\t\t\t\t\t\t<i class=\"fas fa-print\" aria-hidden=\"true\"><\/i>\t\t\t\t\t\t\t<\/span>\n\t\t\t\t\t\t\t\t\t\t\t\t\t\t\t\t\t\t\t\t<\/div>\n\t\t\t\t\t<\/div>\n\t\t\t\t\t\t<\/div>\n\t\t\t\t\t\t<\/div>\n\t\t\t\t<\/div>\n\t\t\t\t\t<\/div>\n\t\t<\/div>\n\t\t\t\t\t<\/div>\n\t\t<\/section>\n\t\t\t\t<\/div>\n\t\t","protected":false},"excerpt":{"rendered":"<p>Virgo V\u00e4lt P\u00e5litlig och l\u00e4ttanv\u00e4nd maskin. De starka och h\u00e5llbara Kivi-Pekka-rullarna tillverkas nu i Tume-Agri Oy: s lokaler i Turenki, Finland, under namnet Virgo. Produkten har f\u00f6rb\u00e4ttrats ytterligare enligt anv\u00e4ndarnas [&hellip;]<\/p>\n","protected":false},"author":1,"featured_media":0,"parent":9140,"menu_order":1,"comment_status":"closed","ping_status":"closed","template":"elementor_header_footer","meta":{"footnotes":""},"class_list":["post-14586","page","type-page","status-publish","hentry","wpbf-post"],"_links":{"self":[{"href":"https:\/\/tumeagri.fi\/sv\/wp-json\/wp\/v2\/pages\/14586","targetHints":{"allow":["GET"]}}],"collection":[{"href":"https:\/\/tumeagri.fi\/sv\/wp-json\/wp\/v2\/pages"}],"about":[{"href":"https:\/\/tumeagri.fi\/sv\/wp-json\/wp\/v2\/types\/page"}],"author":[{"embeddable":true,"href":"https:\/\/tumeagri.fi\/sv\/wp-json\/wp\/v2\/users\/1"}],"replies":[{"embeddable":true,"href":"https:\/\/tumeagri.fi\/sv\/wp-json\/wp\/v2\/comments?post=14586"}],"version-history":[{"count":1,"href":"https:\/\/tumeagri.fi\/sv\/wp-json\/wp\/v2\/pages\/14586\/revisions"}],"predecessor-version":[{"id":14587,"href":"https:\/\/tumeagri.fi\/sv\/wp-json\/wp\/v2\/pages\/14586\/revisions\/14587"}],"up":[{"embeddable":true,"href":"https:\/\/tumeagri.fi\/sv\/wp-json\/wp\/v2\/pages\/9140"}],"wp:attachment":[{"href":"https:\/\/tumeagri.fi\/sv\/wp-json\/wp\/v2\/media?parent=14586"}],"curies":[{"name":"wp","href":"https:\/\/api.w.org\/{rel}","templated":true}]}}